{"id":17552,"date":"2025-05-12T08:43:17","date_gmt":"2025-05-12T06:43:17","guid":{"rendered":"https:\/\/astari.com.pl\/produkt\/fan-hut-rot-mit-gesticktem-schriftzug-polska\/"},"modified":"2025-05-20T07:40:54","modified_gmt":"2025-05-20T05:40:54","slug":"fan-hut-rot-mit-gesticktem-schriftzug-polska","status":"publish","type":"product","link":"https:\/\/astari.com.pl\/de\/produkt\/fan-hut-rot-mit-gesticktem-schriftzug-polska\/","title":{"rendered":"Fan-Hut Rot mit gesticktem Schriftzug POLSKA"},"content":{"rendered":"<h2 data-start=\"56\" data-end=\"278\"><strong data-start=\"56\" data-end=\"100\">Polska-Hut \u2013 ein Klassiker des Fan-Stils<\/strong><\/h2>\n<p class=\"\" data-start=\"56\" data-end=\"278\">Ein Hut in den Nationalfarben mit dem markanten Stickschriftzug \u201ePolska\u201c \u2013 das perfekte Accessoire f\u00fcr Stadionbesuche, Volksfeste, Demonstrationen oder patriotische Feiertage.<\/p>\n<h2 data-start=\"280\" data-end=\"447\"><strong data-start=\"280\" data-end=\"330\">Gestickter Schriftzug \u2013 langlebig und stilvoll<\/strong><\/h2>\n<p class=\"\" data-start=\"280\" data-end=\"447\">Der gestickte Schriftzug \u201ePolska\u201c steht f\u00fcr Best\u00e4ndigkeit \u2013 kein Auswaschen, kein Rei\u00dfen, keine Qualit\u00e4tseinbu\u00dfen.<\/p>\n<h3 data-start=\"449\" data-end=\"471\"><strong data-start=\"449\" data-end=\"469\">Spezifikationen:<\/strong><\/h3>\n<ul>\n<li data-start=\"474\" data-end=\"504\">Schriftzug \u201ePolska\u201c gestickt<\/li>\n<li data-start=\"507\" data-end=\"520\"><strong>H\u00f6he:<\/strong> 13 cm<\/li>\n<li data-start=\"523\" data-end=\"537\"><strong>L\u00e4nge:<\/strong> 29 cm<\/li>\n<li data-start=\"540\" data-end=\"555\"><strong>Breite:<\/strong> 24 cm<\/li>\n<li data-start=\"558\" data-end=\"580\"><strong>Kopfumfang:<\/strong> 58 \u2013 60 cm<\/li>\n<\/ul>\n","protected":false},"excerpt":{"rendered":"<article class=\"text-token-text-primary w-full\" dir=\"auto\" data-testid=\"conversation-turn-2\" data-scroll-anchor=\"false\">\n<div class=\"text-base my-auto mx-auto py-5 [--thread-content-margin:--spacing(4)] @[37rem]:[--thread-content-margin:--spacing(6)] @[72rem]:[--thread-content-margin:--spacing(16)] px-(--thread-content-margin)\">\n<div class=\"[--thread-content-max-width:32rem] @[34rem]:[--thread-content-max-width:40rem] @[64rem]:[--thread-content-max-width:48rem] mx-auto flex max-w-(--thread-content-max-width) flex-1 text-base gap-4 md:gap-5 lg:gap-6 group\/turn-messages focus-visible:outline-hidden\">\n<div class=\"group\/conversation-turn relative flex w-full min-w-0 flex-col agent-turn\">\n<div class=\"relative flex-col gap-1 md:gap-3\">\n<div class=\"flex max-w-full flex-col grow\">\n<div class=\"min-h-8 text-message relative flex w-full flex-col items-end gap-2 text-start break-words whitespace-normal [.text-message+&amp;]:mt-5\" dir=\"auto\" data-message-author-role=\"assistant\" data-message-id=\"d2056c2e-9feb-44a9-878b-48c1e818e734\" data-message-model-slug=\"gpt-4o\">\n<div class=\"flex w-full flex-col gap-1 empty:hidden first:pt-[3px]\">\n<div class=\"markdown prose dark:prose-invert w-full break-words dark\">\n<p class=\"\" data-start=\"582\" data-end=\"698\">Ein patriotischer Fan-Hut mit gesticktem \u201ePolska\u201c-Schriftzug. Ideal f\u00fcr Fu\u00dfballspiele und nationale Veranstaltungen.<\/p>\n<ul>\n<li data-start=\"474\" data-end=\"504\">Schriftzug \u201ePolska\u201c gestickt<\/li>\n<li data-start=\"507\" data-end=\"520\"><strong>H\u00f6he:<\/strong> 13 cm<\/li>\n<li data-start=\"523\" data-end=\"537\"><strong>L\u00e4nge:<\/strong> 29 cm<\/li>\n<li data-start=\"540\" data-end=\"555\"><strong>Breite:<\/strong> 24 cm<\/li>\n<li data-start=\"558\" data-end=\"580\"><strong>Kopfumfang:<\/strong> 58 \u2013 60 cm<\/li>\n<\/ul>\n<\/div>\n<\/div>\n<\/div>\n<\/div>\n<\/div>\n<\/div>\n<\/div>\n<\/div>\n<\/article>\n<article class=\"text-token-text-primary w-full\" dir=\"auto\" data-testid=\"conversation-turn-3\" data-scroll-anchor=\"false\">\n<h5 class=\"sr-only\"><\/h5>\n<\/article>\n","protected":false},"featured_media":18205,"comment_status":"open","ping_status":"closed","template":"","meta":[],"product_brand":[],"product_cat":[292,291],"product_tag":[281,259,276],"class_list":{"0":"post-17552","1":"product","2":"type-product","3":"status-publish","4":"has-post-thumbnail","6":"product_cat-polen-zubehor-mutzen","7":"product_cat-polen-zubehor","8":"product_tag-muetzen","9":"product_tag-polen","10":"product_tag-polnische-fanartikel","12":"first","13":"instock","14":"taxable","15":"shipping-taxable","16":"purchasable","17":"product-type-simple"},"_links":{"self":[{"href":"https:\/\/astari.com.pl\/de\/wp-json\/wp\/v2\/product\/17552","targetHints":{"allow":["GET"]}}],"collection":[{"href":"https:\/\/astari.com.pl\/de\/wp-json\/wp\/v2\/product"}],"about":[{"href":"https:\/\/astari.com.pl\/de\/wp-json\/wp\/v2\/types\/product"}],"replies":[{"embeddable":true,"href":"https:\/\/astari.com.pl\/de\/wp-json\/wp\/v2\/comments?post=17552"}],"version-history":[{"count":0,"href":"https:\/\/astari.com.pl\/de\/wp-json\/wp\/v2\/product\/17552\/revisions"}],"wp:featuredmedia":[{"embeddable":true,"href":"https:\/\/astari.com.pl\/de\/wp-json\/wp\/v2\/media\/18205"}],"wp:attachment":[{"href":"https:\/\/astari.com.pl\/de\/wp-json\/wp\/v2\/media?parent=17552"}],"wp:term":[{"taxonomy":"product_brand","embeddable":true,"href":"https:\/\/astari.com.pl\/de\/wp-json\/wp\/v2\/product_brand?post=17552"},{"taxonomy":"product_cat","embeddable":true,"href":"https:\/\/astari.com.pl\/de\/wp-json\/wp\/v2\/product_cat?post=17552"},{"taxonomy":"product_tag","embeddable":true,"href":"https:\/\/astari.com.pl\/de\/wp-json\/wp\/v2\/product_tag?post=17552"}],"curies":[{"name":"wp","href":"https:\/\/api.w.org\/{rel}","templated":true}]}}