{"id":17867,"date":"2025-05-19T07:30:40","date_gmt":"2025-05-19T05:30:40","guid":{"rendered":"https:\/\/astari.com.pl\/produkt\/zestaw-dlugopisow-do-biura-b_05\/"},"modified":"2025-08-26T12:46:01","modified_gmt":"2025-08-26T10:46:01","slug":"premium-kugelschreiber-bueroset-b-05","status":"publish","type":"product","link":"https:\/\/astari.com.pl\/de\/produkt\/premium-kugelschreiber-bueroset-b-05\/","title":{"rendered":"Premium Kugelschreiber \u2013 B\u00fcroset B-05"},"content":{"rendered":"<h2 data-start=\"38\" data-end=\"76\">Premium Kugelschreiber \u2013 B\u00fcroset B-05<\/h2>\n<p data-start=\"78\" data-end=\"382\">Premium-B\u00fcroset mit 12 eleganten Metallkugelschreibern in intensiven Farben. Das Geh\u00e4use besteht aus lackiertem Metall. Schwarze Akzente verleihen ihnen ein professionelles, universelles Aussehen. Die Kugelschreiber liegen angenehm in der Hand und eignen sich perfekt f\u00fcr den t\u00e4glichen Einsatz im B\u00fcro.<\/p>\n<h2 data-start=\"384\" data-end=\"418\"><strong data-start=\"384\" data-end=\"416\">Was zeichnet dieses Set aus?<\/strong><\/h2>\n<ul>\n<li data-start=\"421\" data-end=\"498\">Premium-Qualit\u00e4t \u2013 robuste Konstruktion, Langlebigkeit und elegantes Design<\/li>\n<li data-start=\"501\" data-end=\"560\">Blaue Mine \u2013 universelle Farbe f\u00fcr den t\u00e4glichen Gebrauch<\/li>\n<li data-start=\"563\" data-end=\"613\">Aufsteckkappe \u2013 schnelles und bequemes Schlie\u00dfen<\/li>\n<li data-start=\"616\" data-end=\"662\">Farbmix im Set \u2013 Schwarz \u00d76, Blau \u00d73, Rot \u00d73<\/li>\n<li data-start=\"665\" data-end=\"724\">Attraktive Sammelverpackung \u2013 Kartonschachtel mit F\u00e4chern<\/li>\n<li data-start=\"727\" data-end=\"822\">Starker Absatz im B2B-Kanal \u2013 bew\u00e4hrte Wahl f\u00fcr Starterpakete, Welcome-Packs und Firmenevents<\/li>\n<\/ul>\n<h2 data-start=\"824\" data-end=\"851\"><strong data-start=\"824\" data-end=\"849\">Einsatzm\u00f6glichkeiten:<\/strong><\/h2>\n<ul>\n<li data-start=\"854\" data-end=\"890\">F\u00fcr den t\u00e4glichen Gebrauch im B\u00fcro<\/li>\n<li data-start=\"893\" data-end=\"951\">Als praktisches Geschenk f\u00fcr Kunden und Gesch\u00e4ftspartner<\/li>\n<li data-start=\"954\" data-end=\"989\">F\u00fcr Promotions und Werbekampagnen<\/li>\n<li data-start=\"992\" data-end=\"1044\">Zur Ausstattung von Schulungs- und Konferenzr\u00e4umen<\/li>\n<\/ul>\n<h3 data-start=\"1046\" data-end=\"1073\"><strong data-start=\"1046\" data-end=\"1071\">Produktspezifikation:<\/strong><\/h3>\n<ul>\n<li data-start=\"1076\" data-end=\"1100\"><strong>Menge im Set:<\/strong> 12 St\u00fcck<\/li>\n<li data-start=\"1103\" data-end=\"1147\"><strong>Farben im Set:<\/strong> Schwarz \u00d76, Blau \u00d73, Rot \u00d73<\/li>\n<\/ul>\n","protected":false},"excerpt":{"rendered":"<p data-start=\"62\" data-end=\"130\">Premium Kugelschreiber mit gl\u00e4nzendem Lack und goldenen Details. Erh\u00e4ltlich in den Farben: Schwarz, Rot, Blau (Mix im Set). Der Kugelschreiber wird mit einer Kappe verschlossen. Set mit 12 St\u00fcck in einer Sammelbox. M\u00f6glichkeit zur Veredelung mit UV-Aufkleber.<\/p>\n<p data-start=\"336\" data-end=\"475\"><strong>Entdecken Sie auch unsere weiteren Sets auf unserer Website: <a class=\"decorated-link\" href=\"https:\/\/astari.com.pl\/de\/produktkategorie\/schreibwaren\/burosets\/\" target=\"_new\" rel=\"noopener\" data-start=\"397\" data-end=\"473\">B\u00fcrosets<\/a><\/strong><\/p>\n","protected":false},"featured_media":17868,"comment_status":"open","ping_status":"closed","template":"","meta":[],"product_brand":[],"product_cat":[390,389],"product_tag":[264,266,265],"class_list":{"0":"post-17867","1":"product","2":"type-product","3":"status-publish","4":"has-post-thumbnail","6":"product_cat-burosets","7":"product_cat-schreibwaren","8":"product_tag-kugelschreiber","9":"product_tag-kugelschreiber-set","10":"product_tag-werbegeschenke","12":"first","13":"instock","14":"taxable","15":"shipping-taxable","16":"purchasable","17":"product-type-simple"},"_links":{"self":[{"href":"https:\/\/astari.com.pl\/de\/wp-json\/wp\/v2\/product\/17867","targetHints":{"allow":["GET"]}}],"collection":[{"href":"https:\/\/astari.com.pl\/de\/wp-json\/wp\/v2\/product"}],"about":[{"href":"https:\/\/astari.com.pl\/de\/wp-json\/wp\/v2\/types\/product"}],"replies":[{"embeddable":true,"href":"https:\/\/astari.com.pl\/de\/wp-json\/wp\/v2\/comments?post=17867"}],"version-history":[{"count":3,"href":"https:\/\/astari.com.pl\/de\/wp-json\/wp\/v2\/product\/17867\/revisions"}],"predecessor-version":[{"id":20148,"href":"https:\/\/astari.com.pl\/de\/wp-json\/wp\/v2\/product\/17867\/revisions\/20148"}],"wp:featuredmedia":[{"embeddable":true,"href":"https:\/\/astari.com.pl\/de\/wp-json\/wp\/v2\/media\/17868"}],"wp:attachment":[{"href":"https:\/\/astari.com.pl\/de\/wp-json\/wp\/v2\/media?parent=17867"}],"wp:term":[{"taxonomy":"product_brand","embeddable":true,"href":"https:\/\/astari.com.pl\/de\/wp-json\/wp\/v2\/product_brand?post=17867"},{"taxonomy":"product_cat","embeddable":true,"href":"https:\/\/astari.com.pl\/de\/wp-json\/wp\/v2\/product_cat?post=17867"},{"taxonomy":"product_tag","embeddable":true,"href":"https:\/\/astari.com.pl\/de\/wp-json\/wp\/v2\/product_tag?post=17867"}],"curies":[{"name":"wp","href":"https:\/\/api.w.org\/{rel}","templated":true}]}}