{"id":18808,"date":"2025-06-04T08:14:02","date_gmt":"2025-06-04T06:14:02","guid":{"rendered":"https:\/\/astari.com.pl\/produkt\/weisser-8-panel-regenschirm-aus-pe-folie\/"},"modified":"2025-08-25T13:34:51","modified_gmt":"2025-08-25T11:34:51","slug":"weisser-8-panel-regenschirm-aus-pe-folie","status":"publish","type":"product","link":"https:\/\/astari.com.pl\/de\/produkt\/weisser-8-panel-regenschirm-aus-pe-folie\/","title":{"rendered":"Wei\u00dfer 8-Panel Regenschirm aus PE-Folie"},"content":{"rendered":"<h2 data-start=\"148\" data-end=\"572\">Wei\u00dfer 8-Panel Regenschirm aus PE-Folie<\/h2>\n<p data-start=\"148\" data-end=\"572\">Dieser transparente Regenschirm mit Schirmdach aus flexibler PE-Folie ist f\u00fcr den gewerblichen Einsatz konzipiert. Die lichtdurchl\u00e4ssige Polyethylen-Folie sch\u00fctzt zuverl\u00e4ssig vor Niederschl\u00e4gen, ohne die Sicht einzuschr\u00e4nken. Die klare Konstruktion erm\u00f6glicht eine gute \u00dcbersicht \u00fcber die Umgebung \u2013 besonders n\u00fctzlich in belebten Bereichen oder beim Gehen in der Stadt.<\/p>\n<p data-start=\"574\" data-end=\"910\">Ein stabiler Stahlrahmen und ein manuelles \u00d6ffnungssystem sorgen f\u00fcr einfache Handhabung und zuverl\u00e4ssige Funktion. Die 8-Panel-Struktur bietet ausreichende Stabilit\u00e4t bei leichtem bis m\u00e4\u00dfigem Wetter. Dieser Schirm eignet sich ideal als Notausstattung, f\u00fcr Outdoor-Sets oder als Wetterschutz bei kurzfristigen Veranstaltungen im Freien.<\/p>\n<h2 data-start=\"912\" data-end=\"935\"><strong data-start=\"912\" data-end=\"933\">Technische Daten:<\/strong><\/h2>\n<ul>\n<li><strong>Schirmmaterial:<\/strong> PE-Folie (transparent, wasserabweisend)<\/li>\n<li><strong>Anzahl der Segmente:<\/strong> 8<\/li>\n<li><strong>Durchmesser ge\u00f6ffnet:<\/strong> 100 cm<\/li>\n<li><strong>L\u00e4nge geschlossen:<\/strong> 85 cm<\/li>\n<li><strong>Farbe:<\/strong> Transparent<\/li>\n<li><strong>Gestell:<\/strong> Stahl<\/li>\n<li data-start=\"1129\" data-end=\"1159\"><strong>Griff:<\/strong> Ergonomisch, Kunststoff<\/li>\n<\/ul>\n","protected":false},"excerpt":{"rendered":"<p>Transparenter 8-Panel Regenschirm aus wasserfester PE-Folie. Leichtes und kompaktes Modell mit 100 cm Durchmesser und 85 cm L\u00e4nge im geschlossenen Zustand. Mit manuellem \u00d6ffnungssystem, Stahlgestell und ergonomischem Griff \u2013 bietet klare Sicht bei gleichzeitigem Schutz vor Regen.<\/p>\n<p data-start=\"912\" data-end=\"935\"><strong data-start=\"912\" data-end=\"933\">Technische Daten:<\/strong><\/p>\n<ul>\n<li><strong>Schirmmaterial:<\/strong> PE-Folie (transparent, wasserabweisend)<\/li>\n<li><strong>Anzahl der Segmente:<\/strong> 8<\/li>\n<li><strong>Durchmesser ge\u00f6ffnet:<\/strong> 100 cm<\/li>\n<li><strong>L\u00e4nge geschlossen:<\/strong> 85 cm<\/li>\n<li><strong>Farbe:<\/strong> Transparent<\/li>\n<li><strong>Gestell:<\/strong> Stah<\/li>\n<li><strong>Griff:<\/strong> Ergonomisch, Kunststoff<\/li>\n<\/ul>\n<p><strong>Entdecken Sie auch unsere weiteren Produkte in der Kategorie: <a class=\"decorated-link\" href=\"https:\/\/astari.com.pl\/de\/produktkategorie\/regenschirme\/\" target=\"_new\" rel=\"noopener\" data-start=\"91\" data-end=\"162\">Regenschirme<\/a><\/strong><\/p>\n","protected":false},"featured_media":18356,"comment_status":"open","ping_status":"closed","template":"","meta":[],"product_brand":[],"product_cat":[409,408,411],"product_tag":[269,265],"class_list":{"0":"post-18808","1":"product","2":"type-product","3":"status-publish","4":"has-post-thumbnail","6":"product_cat-personalisierung","7":"product_cat-regenschirme","8":"product_cat-sublimation","9":"product_tag-polyester","10":"product_tag-werbegeschenke","12":"first","13":"instock","14":"taxable","15":"shipping-taxable","16":"purchasable","17":"product-type-simple"},"_links":{"self":[{"href":"https:\/\/astari.com.pl\/de\/wp-json\/wp\/v2\/product\/18808","targetHints":{"allow":["GET"]}}],"collection":[{"href":"https:\/\/astari.com.pl\/de\/wp-json\/wp\/v2\/product"}],"about":[{"href":"https:\/\/astari.com.pl\/de\/wp-json\/wp\/v2\/types\/product"}],"replies":[{"embeddable":true,"href":"https:\/\/astari.com.pl\/de\/wp-json\/wp\/v2\/comments?post=18808"}],"version-history":[{"count":2,"href":"https:\/\/astari.com.pl\/de\/wp-json\/wp\/v2\/product\/18808\/revisions"}],"predecessor-version":[{"id":20139,"href":"https:\/\/astari.com.pl\/de\/wp-json\/wp\/v2\/product\/18808\/revisions\/20139"}],"wp:featuredmedia":[{"embeddable":true,"href":"https:\/\/astari.com.pl\/de\/wp-json\/wp\/v2\/media\/18356"}],"wp:attachment":[{"href":"https:\/\/astari.com.pl\/de\/wp-json\/wp\/v2\/media?parent=18808"}],"wp:term":[{"taxonomy":"product_brand","embeddable":true,"href":"https:\/\/astari.com.pl\/de\/wp-json\/wp\/v2\/product_brand?post=18808"},{"taxonomy":"product_cat","embeddable":true,"href":"https:\/\/astari.com.pl\/de\/wp-json\/wp\/v2\/product_cat?post=18808"},{"taxonomy":"product_tag","embeddable":true,"href":"https:\/\/astari.com.pl\/de\/wp-json\/wp\/v2\/product_tag?post=18808"}],"curies":[{"name":"wp","href":"https:\/\/api.w.org\/{rel}","templated":true}]}}