{"id":18857,"date":"2025-05-13T14:55:58","date_gmt":"2025-05-13T12:55:58","guid":{"rendered":"https:\/\/astari.com.pl\/produkt\/personalisierter-fanschal-fuer-sportteams\/"},"modified":"2025-11-27T12:32:04","modified_gmt":"2025-11-27T11:32:04","slug":"personalisierter-fanschal-fuer-sportteams","status":"publish","type":"product","link":"https:\/\/astari.com.pl\/de\/produkt\/personalisierter-fanschal-fuer-sportteams\/","title":{"rendered":"Personalisierter Fanschal f\u00fcr Sportteams"},"content":{"rendered":"<h2 data-start=\"46\" data-end=\"515\">Personalisierter Fanschal f\u00fcr Sportteams<\/h2>\n<p data-start=\"46\" data-end=\"515\">Vereinsschals sind eine ausgezeichnete M\u00f6glichkeit, das Team hervorzuheben und die Fan-Identit\u00e4t zu st\u00e4rken. Wir bieten vollst\u00e4ndig personalisierbare Schals in den Farben Deines Vereins \u2013 mit Vereinsnamen, Logo, Slogan, Gr\u00fcndungsjahr oder jedem anderen grafischen Motiv. Der Schal ist beidseitig gestaltet, sodass auf jeder Seite unterschiedliche Designs dargestellt werden k\u00f6nnen.<\/p>\n<h2 data-start=\"517\" data-end=\"1003\"><strong data-start=\"517\" data-end=\"575\">Produktion auf Bestellung \u2013 Qualit\u00e4t und Langlebigkeit<\/strong><\/h2>\n<p data-start=\"517\" data-end=\"1003\">Der Schal wird aus hochwertigem Acrylstrick gefertigt, der strapazierf\u00e4hig und formstabil ist \u2013 ideal f\u00fcr intensiven Einsatz bei Spielen und Veranstaltungen. Der langlebige Druck und die pr\u00e4zise Verarbeitung sorgen f\u00fcr ein professionelles Erscheinungsbild. Wir bieten sowohl die Umsetzung eigener Entw\u00fcrfe als auch die Entwicklung individueller Designs. Perfekt geeignet f\u00fcr Fu\u00dfball-, Volleyball- oder Amateurteams aller Art.<\/p>\n<h3 data-start=\"517\" data-end=\"1003\"><strong data-start=\"1005\" data-end=\"1034\">Technische Spezifikation:<\/strong><\/h3>\n<ul>\n<li data-start=\"517\" data-end=\"1003\"><strong>L\u00e4nge:<\/strong> 150\u202fcm (inkl. Fransen)<\/li>\n<li data-start=\"517\" data-end=\"1003\"><strong>Breite:<\/strong> 18\u202fcm<\/li>\n<li data-start=\"517\" data-end=\"1003\"><strong>Material:<\/strong> Weiches, langlebiges Acryl<\/li>\n<li data-start=\"517\" data-end=\"1003\"><strong>Ausf\u00fchrung:<\/strong> Beidseitiger Druck, vollst\u00e4ndig personalisierbar<\/li>\n<li data-start=\"517\" data-end=\"1003\"><strong>Anwendung:<\/strong> Stadion, Fanevents, patriotische Veranstaltungen,<\/li>\n<li data-start=\"517\" data-end=\"1003\">Alltagsgebrauch<\/li>\n<\/ul>\n","protected":false},"excerpt":{"rendered":"<p data-start=\"0\" data-end=\"180\"><strong data-start=\"0\" data-end=\"50\">Vereinsschal \u2013 150 cm mit Fransen, 18 cm breit<\/strong><br data-start=\"50\" data-end=\"53\" \/>Hergestellt aus weichem, strapazierf\u00e4higem Acryl \u2013 ideal f\u00fcr Spiele, patriotische Veranstaltungen und den t\u00e4glichen Einsatz als Fan-Accessoire.<br data-start=\"367\" data-end=\"370\" \/>Der Schal ist <strong data-start=\"384\" data-end=\"407\">beidseitig bedruckt<\/strong> und <strong data-start=\"412\" data-end=\"444\">vollst\u00e4ndig personalisierbar<\/strong>. Kunden k\u00f6nnen eigene Projekte einreichen, darunter <strong data-start=\"497\" data-end=\"570\">Farben, Schriftanordnung, Texte, Logos und weitere grafische Elemente<\/strong>, um ein einzigartiges und individuelles Design zu erhalten.<\/p>\n<p data-start=\"182\" data-end=\"293\"><strong data-start=\"182\" data-end=\"191\">Ma\u00dfe:<\/strong><\/p>\n<ul>\n<li data-start=\"182\" data-end=\"293\"><strong>L\u00e4nge:<\/strong> 150\u202fcm (mit Fransen)<\/li>\n<li data-start=\"182\" data-end=\"293\"><strong>Breite:<\/strong> 18\u202fcm<\/li>\n<li data-start=\"182\" data-end=\"293\"><strong>Material:<\/strong> Acryl<\/li>\n<li data-start=\"182\" data-end=\"293\"><strong>Personalisierung:<\/strong> m\u00f6glich<\/li>\n<\/ul>\n<p data-start=\"295\" data-end=\"389\" data-is-last-node=\"\" data-is-only-node=\"\">Hinweis: Ma\u00dfabweichungen von \u00b12\u202fcm sind m\u00f6glich. Der Schal ist vollst\u00e4ndig individualisierbar.<\/p>\n","protected":false},"featured_media":18858,"comment_status":"open","ping_status":"closed","template":"","meta":[],"product_brand":[],"product_cat":[407,405],"product_tag":[],"class_list":{"0":"post-18857","1":"product","2":"type-product","3":"status-publish","4":"has-post-thumbnail","6":"product_cat-fanschals","7":"product_cat-fuer-sportmannschaften","9":"first","10":"onbackorder","11":"taxable","12":"shipping-taxable","13":"purchasable","14":"product-type-simple"},"_links":{"self":[{"href":"https:\/\/astari.com.pl\/de\/wp-json\/wp\/v2\/product\/18857","targetHints":{"allow":["GET"]}}],"collection":[{"href":"https:\/\/astari.com.pl\/de\/wp-json\/wp\/v2\/product"}],"about":[{"href":"https:\/\/astari.com.pl\/de\/wp-json\/wp\/v2\/types\/product"}],"replies":[{"embeddable":true,"href":"https:\/\/astari.com.pl\/de\/wp-json\/wp\/v2\/comments?post=18857"}],"version-history":[{"count":4,"href":"https:\/\/astari.com.pl\/de\/wp-json\/wp\/v2\/product\/18857\/revisions"}],"predecessor-version":[{"id":21126,"href":"https:\/\/astari.com.pl\/de\/wp-json\/wp\/v2\/product\/18857\/revisions\/21126"}],"wp:featuredmedia":[{"embeddable":true,"href":"https:\/\/astari.com.pl\/de\/wp-json\/wp\/v2\/media\/18858"}],"wp:attachment":[{"href":"https:\/\/astari.com.pl\/de\/wp-json\/wp\/v2\/media?parent=18857"}],"wp:term":[{"taxonomy":"product_brand","embeddable":true,"href":"https:\/\/astari.com.pl\/de\/wp-json\/wp\/v2\/product_brand?post=18857"},{"taxonomy":"product_cat","embeddable":true,"href":"https:\/\/astari.com.pl\/de\/wp-json\/wp\/v2\/product_cat?post=18857"},{"taxonomy":"product_tag","embeddable":true,"href":"https:\/\/astari.com.pl\/de\/wp-json\/wp\/v2\/product_tag?post=18857"}],"curies":[{"name":"wp","href":"https:\/\/api.w.org\/{rel}","templated":true}]}}