{"id":18972,"date":"2025-04-30T14:37:25","date_gmt":"2025-04-30T12:37:25","guid":{"rendered":"https:\/\/astari.com.pl\/produkt\/rechteckiger-aufnaeher-aus-kunstleder-fuer-kleidung-beige-nasz_13\/"},"modified":"2025-06-25T09:08:25","modified_gmt":"2025-06-25T07:08:25","slug":"rechteckiger-aufnaeher-aus-kunstleder-fuer-kleidung-beige-nasz_13","status":"publish","type":"product","link":"https:\/\/astari.com.pl\/de\/produkt\/rechteckiger-aufnaeher-aus-kunstleder-fuer-kleidung-beige-nasz_13\/","title":{"rendered":"Aufn\u00e4her aus Kunstleder f\u00fcr Kleidung, hellgr\u00fcn, rechteckig NASZ_13"},"content":{"rendered":"<h1 data-start=\"75\" data-end=\"169\"><strong data-start=\"75\" data-end=\"167\">Aufn\u00e4her aus Kunstleder zum Pr\u00e4gen und Gravieren \u2013 langlebige Basis f\u00fcr Personalisierung<\/strong><\/h1>\n<p data-start=\"171\" data-end=\"474\">Der Aufn\u00e4her besteht aus hochwertigem Kunstleder und ist f\u00fcr die Personalisierung mittels Pr\u00e4ge- oder Lasertechnik vorgesehen. Dank der geeigneten Materialstruktur eignet er sich ideal zur Erstellung dauerhafter Markierungen, Logos und dekorativer Details auf Kleidung, Lederwaren und Textilaccessoires.<\/p>\n<p data-start=\"476\" data-end=\"729\">Kunstlederaufn\u00e4her sind eine \u00e4sthetische und professionelle L\u00f6sung in der Herstellung von Bekleidung, Werbeartikeln und handgefertigten Produkten. Die Oberfl\u00e4che erm\u00f6glicht eine pr\u00e4zise Wiedergabe von Motiven und garantiert ein gut lesbares Endergebnis.<\/p>\n<h3 data-start=\"731\" data-end=\"918\"><strong data-start=\"731\" data-end=\"759\">Technische Spezifikation<\/strong><\/h3>\n<ul>\n<li data-start=\"731\" data-end=\"918\"><strong>Material:<\/strong> Kunstleder<\/li>\n<li data-start=\"731\" data-end=\"918\"><strong>Farbe:<\/strong> Beige<\/li>\n<li data-start=\"731\" data-end=\"918\"><strong>Ma\u00dfe:<\/strong> 6 x 3 cm<\/li>\n<li data-start=\"731\" data-end=\"918\"><strong>Kennzeichnungstechnik:<\/strong> Gravur\/Pr\u00e4gung<\/li>\n<li data-start=\"731\" data-end=\"918\"><strong>Verwendung:<\/strong> Aufn\u00e4her f\u00fcr Kleidung, Accessoires, Werbeprodukte<\/li>\n<\/ul>\n","protected":false},"excerpt":{"rendered":"<p data-start=\"0\" data-end=\"160\">Aufn\u00e4her aus Kunstleder 6 x 3 cm \u2013 ideal f\u00fcr DTF-Druck<strong data-start=\"0\" data-end=\"58\">. <\/strong>Hergestellt aus 100\u202f% strapazierf\u00e4higem Polyester, geeignet f\u00fcr Personalisierung und Kennzeichnung.<\/p>\n<p data-start=\"162\" data-end=\"249\" data-is-last-node=\"\" data-is-only-node=\"\"><strong data-start=\"162\" data-end=\"180\">Spezifikation:<\/strong><\/p>\n<ul>\n<li data-start=\"162\" data-end=\"249\"><strong>Material:<\/strong> Kunstleder<\/li>\n<li data-start=\"162\" data-end=\"249\"><strong>Gr\u00f6\u00dfe:<\/strong> 6 x 3 cm<\/li>\n<li data-start=\"162\" data-end=\"249\"><strong>Verwendung:<\/strong> f\u00fcr DTF-Druck<\/li>\n<\/ul>\n","protected":false},"featured_media":18973,"comment_status":"open","ping_status":"closed","template":"","meta":[],"product_brand":[],"product_cat":[414,410,409,412],"product_tag":[288,289,265],"class_list":{"0":"post-18972","1":"product","2":"type-product","3":"status-publish","4":"has-post-thumbnail","6":"product_cat-aufnaeher","7":"product_cat-gravur","8":"product_cat-personalisierung","9":"product_cat-textilien","10":"product_tag-aufnaeher","11":"product_tag-kleidung","12":"product_tag-werbegeschenke","14":"first","15":"instock","16":"taxable","17":"shipping-taxable","18":"purchasable","19":"product-type-simple"},"_links":{"self":[{"href":"https:\/\/astari.com.pl\/de\/wp-json\/wp\/v2\/product\/18972","targetHints":{"allow":["GET"]}}],"collection":[{"href":"https:\/\/astari.com.pl\/de\/wp-json\/wp\/v2\/product"}],"about":[{"href":"https:\/\/astari.com.pl\/de\/wp-json\/wp\/v2\/types\/product"}],"replies":[{"embeddable":true,"href":"https:\/\/astari.com.pl\/de\/wp-json\/wp\/v2\/comments?post=18972"}],"version-history":[{"count":1,"href":"https:\/\/astari.com.pl\/de\/wp-json\/wp\/v2\/product\/18972\/revisions"}],"predecessor-version":[{"id":18975,"href":"https:\/\/astari.com.pl\/de\/wp-json\/wp\/v2\/product\/18972\/revisions\/18975"}],"wp:featuredmedia":[{"embeddable":true,"href":"https:\/\/astari.com.pl\/de\/wp-json\/wp\/v2\/media\/18973"}],"wp:attachment":[{"href":"https:\/\/astari.com.pl\/de\/wp-json\/wp\/v2\/media?parent=18972"}],"wp:term":[{"taxonomy":"product_brand","embeddable":true,"href":"https:\/\/astari.com.pl\/de\/wp-json\/wp\/v2\/product_brand?post=18972"},{"taxonomy":"product_cat","embeddable":true,"href":"https:\/\/astari.com.pl\/de\/wp-json\/wp\/v2\/product_cat?post=18972"},{"taxonomy":"product_tag","embeddable":true,"href":"https:\/\/astari.com.pl\/de\/wp-json\/wp\/v2\/product_tag?post=18972"}],"curies":[{"name":"wp","href":"https:\/\/api.w.org\/{rel}","templated":true}]}}