{"id":18978,"date":"2025-04-30T14:31:47","date_gmt":"2025-04-30T12:31:47","guid":{"rendered":"https:\/\/astari.com.pl\/produkt\/aufnaeher-aus-kunstleder-fuer-kleidung-schwarz-kunstleder-nasz_14\/"},"modified":"2025-04-30T14:31:47","modified_gmt":"2025-04-30T12:31:47","slug":"aufnaeher-aus-kunstleder-fuer-kleidung-schwarz-kunstleder-nasz_14","status":"publish","type":"product","link":"https:\/\/astari.com.pl\/de\/produkt\/aufnaeher-aus-kunstleder-fuer-kleidung-schwarz-kunstleder-nasz_14\/","title":{"rendered":"Aufn\u00e4her aus Kunstleder f\u00fcr Kleidung, schwarz, Kunstleder NASZ_14"},"content":{"rendered":"<h1 data-start=\"73\" data-end=\"438\"><strong data-start=\"73\" data-end=\"165\">Aufn\u00e4her aus Kunstleder zum Pr\u00e4gen und Gravieren \u2013 langlebige Basis f\u00fcr Personalisierung<\/strong><\/h1>\n<p data-start=\"73\" data-end=\"438\">Aufn\u00e4her aus hochwertigem Kunstleder, geeignet f\u00fcr die Personalisierung mittels Pr\u00e4gung oder Lasergravur. Dank der geeigneten Materialstruktur ideal zur Herstellung dauerhafter Markierungen, Logos und dekorativer Details auf Kleidung, Lederwaren und Textilaccessoires.<\/p>\n<p data-start=\"440\" data-end=\"690\">Kunstleder-Aufn\u00e4her sind eine \u00e4sthetische und professionelle L\u00f6sung in der Produktion von Bekleidung, Werbeartikeln und Handarbeiten. Die Materialoberfl\u00e4che erm\u00f6glicht eine pr\u00e4zise Wiedergabe des Designs und garantiert ein gut lesbares Endergebnis.<\/p>\n<h3 data-start=\"692\" data-end=\"883\"><strong data-start=\"692\" data-end=\"721\">Technische Spezifikation:<\/strong><\/h3>\n<ul>\n<li data-start=\"692\" data-end=\"883\"><strong>Material:<\/strong> Kunstleder<\/li>\n<li data-start=\"692\" data-end=\"883\"><strong>Farbe:<\/strong> Schwarz<\/li>\n<li data-start=\"692\" data-end=\"883\"><strong>Ma\u00dfe:<\/strong> 7 \u00d7 6 cm<\/li>\n<li data-start=\"692\" data-end=\"883\"><strong>Veredelungstechnik:<\/strong> Gravur \/ Pr\u00e4gung<\/li>\n<li data-start=\"692\" data-end=\"883\"><strong>Verwendung:<\/strong> Aufn\u00e4her f\u00fcr Kleidung, Accessoires, Werbeprodukte<\/li>\n<\/ul>\n","protected":false},"excerpt":{"rendered":"<p data-start=\"885\" data-end=\"1048\">Aufn\u00e4her aus Kunstleder 7 \u00d7 6 cm \u2013 ideal f\u00fcr DTF-Druck. Hergestellt aus 100\u202f% strapazierf\u00e4higem Polyester, geeignet f\u00fcr Personalisierung und Kennzeichnung.<\/p>\n<p data-start=\"1050\" data-end=\"1137\" data-is-last-node=\"\" data-is-only-node=\"\"><strong data-start=\"1050\" data-end=\"1068\">Spezifikation:<\/strong><\/p>\n<ul>\n<li data-start=\"1050\" data-end=\"1137\"><strong>Material:<\/strong> Kunstleder<\/li>\n<li data-start=\"1050\" data-end=\"1137\"><strong>Gr\u00f6\u00dfe:<\/strong> 7 \u00d7 6 cm<\/li>\n<li data-start=\"1050\" data-end=\"1137\"><strong>Verwendung:<\/strong> f\u00fcr DTF-Druck<\/li>\n<\/ul>\n","protected":false},"featured_media":18979,"comment_status":"open","ping_status":"closed","template":"","meta":[],"product_brand":[],"product_cat":[414,410,409,412],"product_tag":[288,289,265],"class_list":{"0":"post-18978","1":"product","2":"type-product","3":"status-publish","4":"has-post-thumbnail","6":"product_cat-aufnaeher","7":"product_cat-gravur","8":"product_cat-personalisierung","9":"product_cat-textilien","10":"product_tag-aufnaeher","11":"product_tag-kleidung","12":"product_tag-werbegeschenke","14":"first","15":"instock","16":"taxable","17":"shipping-taxable","18":"purchasable","19":"product-type-simple"},"_links":{"self":[{"href":"https:\/\/astari.com.pl\/de\/wp-json\/wp\/v2\/product\/18978","targetHints":{"allow":["GET"]}}],"collection":[{"href":"https:\/\/astari.com.pl\/de\/wp-json\/wp\/v2\/product"}],"about":[{"href":"https:\/\/astari.com.pl\/de\/wp-json\/wp\/v2\/types\/product"}],"replies":[{"embeddable":true,"href":"https:\/\/astari.com.pl\/de\/wp-json\/wp\/v2\/comments?post=18978"}],"version-history":[{"count":0,"href":"https:\/\/astari.com.pl\/de\/wp-json\/wp\/v2\/product\/18978\/revisions"}],"wp:featuredmedia":[{"embeddable":true,"href":"https:\/\/astari.com.pl\/de\/wp-json\/wp\/v2\/media\/18979"}],"wp:attachment":[{"href":"https:\/\/astari.com.pl\/de\/wp-json\/wp\/v2\/media?parent=18978"}],"wp:term":[{"taxonomy":"product_brand","embeddable":true,"href":"https:\/\/astari.com.pl\/de\/wp-json\/wp\/v2\/product_brand?post=18978"},{"taxonomy":"product_cat","embeddable":true,"href":"https:\/\/astari.com.pl\/de\/wp-json\/wp\/v2\/product_cat?post=18978"},{"taxonomy":"product_tag","embeddable":true,"href":"https:\/\/astari.com.pl\/de\/wp-json\/wp\/v2\/product_tag?post=18978"}],"curies":[{"name":"wp","href":"https:\/\/api.w.org\/{rel}","templated":true}]}}