{"id":18984,"date":"2025-04-30T14:29:26","date_gmt":"2025-04-30T12:29:26","guid":{"rendered":"https:\/\/astari.com.pl\/produkt\/aufnaeher-aus-kunstleder-fuer-kleidung-sandfarben-rechteckig-nasz_11\/"},"modified":"2025-04-30T14:29:26","modified_gmt":"2025-04-30T12:29:26","slug":"aufnaeher-aus-kunstleder-fuer-kleidung-sandfarben-rechteckig-nasz_11","status":"publish","type":"product","link":"https:\/\/astari.com.pl\/de\/produkt\/aufnaeher-aus-kunstleder-fuer-kleidung-sandfarben-rechteckig-nasz_11\/","title":{"rendered":"Aufn\u00e4her aus Kunstleder f\u00fcr Kleidung, sandfarben, rechteckig NASZ_11"},"content":{"rendered":"<h1 data-start=\"76\" data-end=\"437\"><strong data-start=\"76\" data-end=\"168\">Aufn\u00e4her aus Kunstleder zum Pr\u00e4gen und Gravieren \u2013 langlebige Basis f\u00fcr Personalisierung<\/strong><\/h1>\n<p data-start=\"76\" data-end=\"437\">Aufn\u00e4her aus hochwertigem Kunstleder, geeignet f\u00fcr die Personalisierung durch Pr\u00e4gung oder Lasergravur. Dank der passenden Materialstruktur ideal zur Erstellung dauerhafter Markierungen, Logos und dekorativer Details auf Kleidung, Lederwaren und Textilaccessoires.<\/p>\n<p data-start=\"439\" data-end=\"694\">Kunstleder-Aufn\u00e4her sind eine \u00e4sthetische und professionelle L\u00f6sung f\u00fcr die Herstellung von Bekleidung, Werbeaccessoires und Handarbeiten. Die Materialoberfl\u00e4che erm\u00f6glicht eine pr\u00e4zise Wiedergabe des Designs und garantiert ein gut lesbares Endergebnis.<\/p>\n<h3 data-start=\"696\" data-end=\"890\"><strong data-start=\"696\" data-end=\"725\">Technische Spezifikation:<\/strong><\/h3>\n<ul>\n<li data-start=\"696\" data-end=\"890\"><strong>Material:<\/strong> Kunstleder<\/li>\n<li data-start=\"696\" data-end=\"890\"><strong>Farbe:<\/strong> Sandfarben<\/li>\n<li data-start=\"696\" data-end=\"890\"><strong>Ma\u00dfe:<\/strong> 6 \u00d7 3 cm<\/li>\n<li data-start=\"696\" data-end=\"890\"><strong>Veredelungstechnik:<\/strong> Gravur \/ Pr\u00e4gung<\/li>\n<li data-start=\"696\" data-end=\"890\"><strong>Verwendung:<\/strong> Aufn\u00e4her f\u00fcr Kleidung, Accessoires, Werbeprodukte<\/li>\n<\/ul>\n","protected":false},"excerpt":{"rendered":"<p data-start=\"892\" data-end=\"1055\">Aufn\u00e4her aus Kunstleder 6 \u00d7 3 cm \u2013 ideal f\u00fcr DTF-Druck. Hergestellt aus 100\u202f% strapazierf\u00e4higem Polyester, geeignet f\u00fcr Personalisierung und Kennzeichnung.<\/p>\n<p data-start=\"1057\" data-end=\"1144\" data-is-last-node=\"\" data-is-only-node=\"\"><strong data-start=\"1057\" data-end=\"1075\">Spezifikation:<\/strong><\/p>\n<ul>\n<li data-start=\"1057\" data-end=\"1144\"><strong>Material:<\/strong> Kunstleder<\/li>\n<li data-start=\"1057\" data-end=\"1144\"><strong>Gr\u00f6\u00dfe:<\/strong> 6 \u00d7 3 cm<\/li>\n<li data-start=\"1057\" data-end=\"1144\"><strong>Verwendung:<\/strong> f\u00fcr DTF-Druck<\/li>\n<\/ul>\n","protected":false},"featured_media":18985,"comment_status":"open","ping_status":"closed","template":"","meta":[],"product_brand":[],"product_cat":[414,410,409,412],"product_tag":[288,289,265],"class_list":{"0":"post-18984","1":"product","2":"type-product","3":"status-publish","4":"has-post-thumbnail","6":"product_cat-aufnaeher","7":"product_cat-gravur","8":"product_cat-personalisierung","9":"product_cat-textilien","10":"product_tag-aufnaeher","11":"product_tag-kleidung","12":"product_tag-werbegeschenke","14":"first","15":"instock","16":"taxable","17":"shipping-taxable","18":"purchasable","19":"product-type-simple"},"_links":{"self":[{"href":"https:\/\/astari.com.pl\/de\/wp-json\/wp\/v2\/product\/18984","targetHints":{"allow":["GET"]}}],"collection":[{"href":"https:\/\/astari.com.pl\/de\/wp-json\/wp\/v2\/product"}],"about":[{"href":"https:\/\/astari.com.pl\/de\/wp-json\/wp\/v2\/types\/product"}],"replies":[{"embeddable":true,"href":"https:\/\/astari.com.pl\/de\/wp-json\/wp\/v2\/comments?post=18984"}],"version-history":[{"count":0,"href":"https:\/\/astari.com.pl\/de\/wp-json\/wp\/v2\/product\/18984\/revisions"}],"wp:featuredmedia":[{"embeddable":true,"href":"https:\/\/astari.com.pl\/de\/wp-json\/wp\/v2\/media\/18985"}],"wp:attachment":[{"href":"https:\/\/astari.com.pl\/de\/wp-json\/wp\/v2\/media?parent=18984"}],"wp:term":[{"taxonomy":"product_brand","embeddable":true,"href":"https:\/\/astari.com.pl\/de\/wp-json\/wp\/v2\/product_brand?post=18984"},{"taxonomy":"product_cat","embeddable":true,"href":"https:\/\/astari.com.pl\/de\/wp-json\/wp\/v2\/product_cat?post=18984"},{"taxonomy":"product_tag","embeddable":true,"href":"https:\/\/astari.com.pl\/de\/wp-json\/wp\/v2\/product_tag?post=18984"}],"curies":[{"name":"wp","href":"https:\/\/api.w.org\/{rel}","templated":true}]}}