{"id":19001,"date":"2025-04-30T13:05:49","date_gmt":"2025-04-30T11:05:49","guid":{"rendered":"https:\/\/astari.com.pl\/produkt\/polyester-aufnaeher-fuer-kleidung-schwarz-quadratisch-nasz_05\/"},"modified":"2025-04-30T13:05:49","modified_gmt":"2025-04-30T11:05:49","slug":"polyester-aufnaeher-fuer-kleidung-schwarz-quadratisch-nasz_05","status":"publish","type":"product","link":"https:\/\/astari.com.pl\/de\/produkt\/polyester-aufnaeher-fuer-kleidung-schwarz-quadratisch-nasz_05\/","title":{"rendered":"Polyester-Aufn\u00e4her f\u00fcr Kleidung, schwarz, quadratisch NASZ_05"},"content":{"rendered":"<h1 data-start=\"69\" data-end=\"536\"><strong data-start=\"69\" data-end=\"119\">Universeller Polyester-Aufn\u00e4her zur Veredelung<\/strong><\/h1>\n<p data-start=\"69\" data-end=\"536\">Der Aufn\u00e4her aus strapazierf\u00e4higem Polyester ist eine ausgezeichnete Basis f\u00fcr die DTF-Veredelung. Die glatte Oberfl\u00e4che und die stabile Form machen ihn ideal f\u00fcr die Herstellung personalisierter Kleidung, Accessoires, Rucks\u00e4cke oder Taschen. Die M\u00f6glichkeit, Grafiken per DTF-Druck aufzubringen, macht ihn zu einer vielseitigen Wahl f\u00fcr Bekleidungshersteller, Handwerker und Designer individueller Kollektionen.<\/p>\n<h3 data-start=\"538\" data-end=\"727\"><strong data-start=\"538\" data-end=\"567\">Technische Spezifikation:<\/strong><\/h3>\n<ul>\n<li data-start=\"538\" data-end=\"727\"><strong>Material:<\/strong> 100\u202f% Polyester<\/li>\n<li data-start=\"538\" data-end=\"727\"><strong>Farbe:<\/strong> Schwarz<\/li>\n<li data-start=\"538\" data-end=\"727\"><strong>Ma\u00dfe:<\/strong> 7 \u00d7 7 cm<\/li>\n<li data-start=\"538\" data-end=\"727\"><strong>Veredelungstechnik:<\/strong> DTF-Druck<\/li>\n<li data-start=\"538\" data-end=\"727\"><strong>Verwendung:<\/strong> Aufn\u00e4her f\u00fcr Kleidung, Accessoires, Werbeprodukte<\/li>\n<\/ul>\n","protected":false},"excerpt":{"rendered":"<p data-start=\"729\" data-end=\"887\"><strong data-start=\"729\" data-end=\"783\">Polyester-Aufn\u00e4her 7 \u00d7 7 cm \u2013 ideal f\u00fcr DTF-Druck.<\/strong><br data-start=\"783\" data-end=\"786\" \/>Hergestellt aus 100\u202f% strapazierf\u00e4higem Polyester, geeignet f\u00fcr Personalisierung und Kennzeichnung.<\/p>\n<p data-start=\"889\" data-end=\"998\" data-is-last-node=\"\" data-is-only-node=\"\"><strong data-start=\"889\" data-end=\"907\">Spezifikation:<\/strong><\/p>\n<ul>\n<li data-start=\"889\" data-end=\"998\"><strong>Material:<\/strong> 100\u202f% Polyester<\/li>\n<li data-start=\"889\" data-end=\"998\"><strong>Farbe:<\/strong> Schwarz<\/li>\n<li data-start=\"889\" data-end=\"998\"><strong>Gr\u00f6\u00dfe:<\/strong> 7 \u00d7 7 cm<\/li>\n<li data-start=\"889\" data-end=\"998\"><strong>Verwendung:<\/strong> f\u00fcr DTF-Druck<\/li>\n<\/ul>\n","protected":false},"featured_media":19002,"comment_status":"open","ping_status":"closed","template":"","meta":[],"product_brand":[],"product_cat":[414,409,411,412],"product_tag":[288,289,269,265],"class_list":{"0":"post-19001","1":"product","2":"type-product","3":"status-publish","4":"has-post-thumbnail","6":"product_cat-aufnaeher","7":"product_cat-personalisierung","8":"product_cat-sublimation","9":"product_cat-textilien","10":"product_tag-aufnaeher","11":"product_tag-kleidung","12":"product_tag-polyester","13":"product_tag-werbegeschenke","15":"first","16":"instock","17":"taxable","18":"shipping-taxable","19":"purchasable","20":"product-type-simple"},"_links":{"self":[{"href":"https:\/\/astari.com.pl\/de\/wp-json\/wp\/v2\/product\/19001","targetHints":{"allow":["GET"]}}],"collection":[{"href":"https:\/\/astari.com.pl\/de\/wp-json\/wp\/v2\/product"}],"about":[{"href":"https:\/\/astari.com.pl\/de\/wp-json\/wp\/v2\/types\/product"}],"replies":[{"embeddable":true,"href":"https:\/\/astari.com.pl\/de\/wp-json\/wp\/v2\/comments?post=19001"}],"version-history":[{"count":0,"href":"https:\/\/astari.com.pl\/de\/wp-json\/wp\/v2\/product\/19001\/revisions"}],"wp:featuredmedia":[{"embeddable":true,"href":"https:\/\/astari.com.pl\/de\/wp-json\/wp\/v2\/media\/19002"}],"wp:attachment":[{"href":"https:\/\/astari.com.pl\/de\/wp-json\/wp\/v2\/media?parent=19001"}],"wp:term":[{"taxonomy":"product_brand","embeddable":true,"href":"https:\/\/astari.com.pl\/de\/wp-json\/wp\/v2\/product_brand?post=19001"},{"taxonomy":"product_cat","embeddable":true,"href":"https:\/\/astari.com.pl\/de\/wp-json\/wp\/v2\/product_cat?post=19001"},{"taxonomy":"product_tag","embeddable":true,"href":"https:\/\/astari.com.pl\/de\/wp-json\/wp\/v2\/product_tag?post=19001"}],"curies":[{"name":"wp","href":"https:\/\/api.w.org\/{rel}","templated":true}]}}