{"id":19038,"date":"2025-04-29T13:52:58","date_gmt":"2025-04-29T11:52:58","guid":{"rendered":"https:\/\/astari.com.pl\/produkt\/metallschluesselanhaenger-mit-rotem-kunstleder-t-03\/"},"modified":"2025-04-29T13:52:58","modified_gmt":"2025-04-29T11:52:58","slug":"metallschluesselanhaenger-mit-rotem-kunstleder-t-03","status":"publish","type":"product","link":"https:\/\/astari.com.pl\/de\/produkt\/metallschluesselanhaenger-mit-rotem-kunstleder-t-03\/","title":{"rendered":"Metallschl\u00fcsselanh\u00e4nger mit rotem Kunstleder T-03"},"content":{"rendered":"<h1 data-start=\"55\" data-end=\"459\"><strong data-start=\"55\" data-end=\"122\">Metallschl\u00fcsselanh\u00e4nger mit Kunstleder \u2013 eleganter Werbeartikel<\/strong><\/h1>\n<p data-start=\"55\" data-end=\"459\">Funktionaler und langlebiger Werbeschl\u00fcsselanh\u00e4nger aus einer Kombination von Metall und synthetischem Kunstleder (PU). Ideal als praktisches Firmengeschenk, Bestandteil von Promotionsets oder als Werbegeschenk f\u00fcr Kunden und Gesch\u00e4ftspartner. Das moderne, universelle Design passt sowohl zum B\u00fcroalltag als auch zur privaten Nutzung.<\/p>\n<h2 data-start=\"461\" data-end=\"839\"><strong data-start=\"461\" data-end=\"516\">Pr\u00e4zise Lasergravur f\u00fcr dauerhafte Personalisierung<\/strong><\/h2>\n<p data-start=\"461\" data-end=\"839\">Der Anh\u00e4nger ist f\u00fcr die Personalisierung per Lasergravur vorgesehen. Logos, Werbeslogans oder Kontaktdaten k\u00f6nnen dauerhaft auf der Metallfl\u00e4che angebracht werden \u2013 ohne Abrieb. Die Gravur sorgt f\u00fcr ein professionelles, gut lesbares Erscheinungsbild \u2013 optimal f\u00fcr Unternehmen, die Wert auf ein starkes Markenbild legen.<\/p>\n<h3 data-start=\"841\" data-end=\"1063\"><strong data-start=\"841\" data-end=\"870\">Technische Spezifikation:<\/strong><\/h3>\n<ul>\n<li data-start=\"841\" data-end=\"1063\"><strong>Material:<\/strong> Metall \/ Kunstleder (PU)<\/li>\n<li data-start=\"841\" data-end=\"1063\"><strong>Gravurtechnik:<\/strong> Lasergravur<\/li>\n<li data-start=\"841\" data-end=\"1063\"><strong>Gesamtl\u00e4nge (inkl. Ring):<\/strong> 94 mm<\/li>\n<li data-start=\"841\" data-end=\"1063\"><strong>Gravurfl\u00e4che:<\/strong> 12 \u00d7 44 mm<\/li>\n<li data-start=\"841\" data-end=\"1063\"><strong>Verwendung:<\/strong> Werbeartikel, Willkommenspakete, Promotion-Aktionen<\/li>\n<\/ul>\n","protected":false},"excerpt":{"rendered":"<p data-start=\"1065\" data-end=\"1370\"><strong data-start=\"1065\" data-end=\"1159\">Der Metallschl\u00fcsselanh\u00e4nger mit Kunstleder ist speziell f\u00fcr den Firmengebrauch konzipiert.<\/strong><br data-start=\"1159\" data-end=\"1162\" \/>Die gl\u00e4nzende Oberfl\u00e4che verleiht ihm ein professionelles Aussehen \u2013 ideal f\u00fcr das B\u00fcro oder als stilvolles Element in Firmensets. Das robuste Verschlusssystem sorgt f\u00fcr Langlebigkeit und Alltagstauglichkeit.<\/p>\n<ul>\n<li data-start=\"1372\" data-end=\"1421\"><strong data-start=\"1372\" data-end=\"1388\">Gesamtl\u00e4nge:<\/strong> 94 mm<\/li>\n<li data-start=\"1372\" data-end=\"1421\"><strong data-start=\"1397\" data-end=\"1410\">Material:<\/strong> 100\u202f% Zink<\/li>\n<\/ul>\n","protected":false},"featured_media":19039,"comment_status":"open","ping_status":"closed","template":"","meta":[],"product_brand":[],"product_cat":[410,398,409,395],"product_tag":[273,271,270,265],"class_list":{"0":"post-19038","1":"product","2":"type-product","3":"status-publish","4":"has-post-thumbnail","6":"product_cat-gravur","7":"product_cat-mit-leder","8":"product_cat-personalisierung","9":"product_cat-schluesselanhaenger","10":"product_tag-kunstleder-schluesselanhaenger","11":"product_tag-metall-schluesselanhaenger","12":"product_tag-schluesselanhaenger","13":"product_tag-werbegeschenke","15":"first","16":"instock","17":"taxable","18":"shipping-taxable","19":"purchasable","20":"product-type-simple"},"_links":{"self":[{"href":"https:\/\/astari.com.pl\/de\/wp-json\/wp\/v2\/product\/19038","targetHints":{"allow":["GET"]}}],"collection":[{"href":"https:\/\/astari.com.pl\/de\/wp-json\/wp\/v2\/product"}],"about":[{"href":"https:\/\/astari.com.pl\/de\/wp-json\/wp\/v2\/types\/product"}],"replies":[{"embeddable":true,"href":"https:\/\/astari.com.pl\/de\/wp-json\/wp\/v2\/comments?post=19038"}],"version-history":[{"count":0,"href":"https:\/\/astari.com.pl\/de\/wp-json\/wp\/v2\/product\/19038\/revisions"}],"wp:featuredmedia":[{"embeddable":true,"href":"https:\/\/astari.com.pl\/de\/wp-json\/wp\/v2\/media\/19039"}],"wp:attachment":[{"href":"https:\/\/astari.com.pl\/de\/wp-json\/wp\/v2\/media?parent=19038"}],"wp:term":[{"taxonomy":"product_brand","embeddable":true,"href":"https:\/\/astari.com.pl\/de\/wp-json\/wp\/v2\/product_brand?post=19038"},{"taxonomy":"product_cat","embeddable":true,"href":"https:\/\/astari.com.pl\/de\/wp-json\/wp\/v2\/product_cat?post=19038"},{"taxonomy":"product_tag","embeddable":true,"href":"https:\/\/astari.com.pl\/de\/wp-json\/wp\/v2\/product_tag?post=19038"}],"curies":[{"name":"wp","href":"https:\/\/api.w.org\/{rel}","templated":true}]}}