{"id":19056,"date":"2025-04-29T13:35:18","date_gmt":"2025-04-29T11:35:18","guid":{"rendered":"https:\/\/astari.com.pl\/produkt\/metallschluesselanhaenger-mit-rotem-kunstleder-p-02\/"},"modified":"2025-04-29T13:35:18","modified_gmt":"2025-04-29T11:35:18","slug":"metallschluesselanhaenger-mit-rotem-kunstleder-p-02","status":"publish","type":"product","link":"https:\/\/astari.com.pl\/de\/produkt\/metallschluesselanhaenger-mit-rotem-kunstleder-p-02\/","title":{"rendered":"Metallschl\u00fcsselanh\u00e4nger mit rotem Kunstleder P-02"},"content":{"rendered":"<h1 data-start=\"55\" data-end=\"447\"><strong data-start=\"55\" data-end=\"105\">Einzigartiger Werbeartikel f\u00fcr Ihr Unternehmen<\/strong><\/h1>\n<p data-start=\"55\" data-end=\"447\">Der Metallschl\u00fcsselanh\u00e4nger mit Kunstleder ist ein bew\u00e4hrter Werbeartikel f\u00fcr Unternehmen, die Wert auf Funktionalit\u00e4t und Schlichtheit legen. Ideal als Bestandteil von Willkommenspaketen, Kundengeschenken oder Giveaways f\u00fcr Gesch\u00e4ftspartner. Das universelle Design eignet sich sowohl f\u00fcr den B\u00fcroalltag als auch f\u00fcr den privaten Gebrauch.<\/p>\n<h2 data-start=\"449\" data-end=\"776\"><strong data-start=\"449\" data-end=\"489\">Personalisierung auf h\u00f6chstem Niveau<\/strong><\/h2>\n<p data-start=\"449\" data-end=\"776\">Der Schl\u00fcsselanh\u00e4nger eignet sich perfekt f\u00fcr die Lasergravur \u2013 ideal zur Anbringung Ihres Logos, Werbeslogans, Kontaktdaten oder anderer Grafiken. Ein individuell gravierter Anh\u00e4nger tr\u00e4gt effektiv zur Markenwahrnehmung bei und sorgt daf\u00fcr, dass Ihr Unternehmen in Erinnerung bleibt.<\/p>\n<h3 data-start=\"778\" data-end=\"1024\"><strong data-start=\"778\" data-end=\"802\">Warum lohnt es sich?<\/strong><\/h3>\n<p data-start=\"778\" data-end=\"1024\">Durch die hochwertige Verarbeitung erf\u00fcllt dieser Anh\u00e4nger auch die Anspr\u00fcche anspruchsvoller Unternehmen. Eine durchdachte Wahl f\u00fcr alle, die nach modernen, preisg\u00fcnstigen und personalisierbaren Werbegeschenken suchen.<\/p>\n<h3 data-start=\"1026\" data-end=\"1225\"><strong data-start=\"1026\" data-end=\"1055\">Technische Spezifikation:<\/strong><\/h3>\n<ul>\n<li data-start=\"1026\" data-end=\"1225\"><strong>Material:<\/strong> Metall \/ Kunstleder (PU)<\/li>\n<li data-start=\"1026\" data-end=\"1225\"><strong>Gravurtechnik:<\/strong> Lasergravur<\/li>\n<li data-start=\"1026\" data-end=\"1225\"><strong>Gesamtl\u00e4nge (inkl. Ring):<\/strong> 80 mm<\/li>\n<li data-start=\"1026\" data-end=\"1225\"><strong>Gravurfl\u00e4che:<\/strong> 16 \u00d7 28 mm<\/li>\n<li data-start=\"1026\" data-end=\"1225\"><strong>Verwendung:<\/strong> Werbeartikel f\u00fcr Unternehmen<\/li>\n<\/ul>\n","protected":false},"excerpt":{"rendered":"<p data-start=\"1227\" data-end=\"1535\"><strong data-start=\"1227\" data-end=\"1323\">Der Metallschl\u00fcsselanh\u00e4nger mit Kunstleder wurde f\u00fcr den professionellen Einsatz entwickelt. <\/strong>Die gl\u00e4nzende Oberfl\u00e4che verleiht ihm ein hochwertiges Erscheinungsbild \u2013 ideal f\u00fcrs B\u00fcro oder als praktisches Element in Firmensets. Das stabile Verschlussdesign sorgt f\u00fcr Langlebigkeit im t\u00e4glichen Gebrauch.<\/p>\n<ul>\n<li data-start=\"1537\" data-end=\"1586\"><strong data-start=\"1537\" data-end=\"1553\">Gesamtl\u00e4nge:<\/strong> 80 mm<\/li>\n<li data-start=\"1537\" data-end=\"1586\"><strong data-start=\"1562\" data-end=\"1575\">Material:<\/strong> 100\u202f% Zink<\/li>\n<\/ul>\n","protected":false},"featured_media":19058,"comment_status":"open","ping_status":"closed","template":"","meta":[],"product_brand":[],"product_cat":[410,398,409,395],"product_tag":[273,271,270,265],"class_list":{"0":"post-19056","1":"product","2":"type-product","3":"status-publish","4":"has-post-thumbnail","6":"product_cat-gravur","7":"product_cat-mit-leder","8":"product_cat-personalisierung","9":"product_cat-schluesselanhaenger","10":"product_tag-kunstleder-schluesselanhaenger","11":"product_tag-metall-schluesselanhaenger","12":"product_tag-schluesselanhaenger","13":"product_tag-werbegeschenke","15":"first","16":"instock","17":"taxable","18":"shipping-taxable","19":"purchasable","20":"product-type-simple"},"_links":{"self":[{"href":"https:\/\/astari.com.pl\/de\/wp-json\/wp\/v2\/product\/19056","targetHints":{"allow":["GET"]}}],"collection":[{"href":"https:\/\/astari.com.pl\/de\/wp-json\/wp\/v2\/product"}],"about":[{"href":"https:\/\/astari.com.pl\/de\/wp-json\/wp\/v2\/types\/product"}],"replies":[{"embeddable":true,"href":"https:\/\/astari.com.pl\/de\/wp-json\/wp\/v2\/comments?post=19056"}],"version-history":[{"count":0,"href":"https:\/\/astari.com.pl\/de\/wp-json\/wp\/v2\/product\/19056\/revisions"}],"wp:featuredmedia":[{"embeddable":true,"href":"https:\/\/astari.com.pl\/de\/wp-json\/wp\/v2\/media\/19058"}],"wp:attachment":[{"href":"https:\/\/astari.com.pl\/de\/wp-json\/wp\/v2\/media?parent=19056"}],"wp:term":[{"taxonomy":"product_brand","embeddable":true,"href":"https:\/\/astari.com.pl\/de\/wp-json\/wp\/v2\/product_brand?post=19056"},{"taxonomy":"product_cat","embeddable":true,"href":"https:\/\/astari.com.pl\/de\/wp-json\/wp\/v2\/product_cat?post=19056"},{"taxonomy":"product_tag","embeddable":true,"href":"https:\/\/astari.com.pl\/de\/wp-json\/wp\/v2\/product_tag?post=19056"}],"curies":[{"name":"wp","href":"https:\/\/api.w.org\/{rel}","templated":true}]}}