{"id":19105,"date":"2025-04-25T09:54:17","date_gmt":"2025-04-25T07:54:17","guid":{"rendered":"https:\/\/astari.com.pl\/produkt\/metall-kugelschreiber-astari-touch-pen\/"},"modified":"2025-04-25T09:54:17","modified_gmt":"2025-04-25T07:54:17","slug":"metall-kugelschreiber-astari-touch-pen","status":"publish","type":"product","link":"https:\/\/astari.com.pl\/de\/produkt\/metall-kugelschreiber-astari-touch-pen\/","title":{"rendered":"Metall-Kugelschreiber ASTARI Touch Pen"},"content":{"rendered":"<h1 data-start=\"44\" data-end=\"431\"><strong data-start=\"44\" data-end=\"83\">Klassische Form mit modernem Zusatz<\/strong><\/h1>\n<p data-start=\"44\" data-end=\"431\">Dieser Kugelschreiber besteht aus leichtem Metall mit lackierter Oberfl\u00e4che. Die Standardmine mit blauer Tinte und 1,0\u202fmm Schreibspitze sorgt f\u00fcr ein sauberes, gleichm\u00e4\u00dfiges Schriftbild. Die integrierte Gummispitze (Touch Pen) erm\u00f6glicht die einfache Bedienung von Touchscreens \u2013 ideal in Umgebungen, in denen Hygiene oder Pr\u00e4zision wichtig ist.<\/p>\n<h2 data-start=\"433\" data-end=\"761\"><strong data-start=\"433\" data-end=\"462\">Zuverl\u00e4ssiger Werbetr\u00e4ger<\/strong><\/h2>\n<p data-start=\"433\" data-end=\"761\">Die glatte Aluminiumoberfl\u00e4che eignet sich hervorragend f\u00fcr Lasergravur oder Druck. Durch sein universelles Design und die Vielfalt an Geh\u00e4usefarben ist der Kugelschreiber eine praktische und preiswerte Werbel\u00f6sung. Ideal f\u00fcr B\u00fcros, Messen, Events oder als Bestandteil des Mitarbeiter-Equipments.<\/p>\n<h3 data-start=\"763\" data-end=\"794\"><strong data-start=\"763\" data-end=\"792\">Technische Spezifikation:<\/strong><\/h3>\n<ul>\n<li data-start=\"797\" data-end=\"846\"><strong data-start=\"797\" data-end=\"810\">Funktion:<\/strong> Touch Pen Spitze f\u00fcr Touchscreens<\/li>\n<li data-start=\"849\" data-end=\"878\"><strong data-start=\"849\" data-end=\"864\">Veredelung:<\/strong> Lasergravur<\/li>\n<li data-start=\"881\" data-end=\"897\"><strong data-start=\"881\" data-end=\"890\">Mine:<\/strong> Blau<\/li>\n<li data-start=\"900\" data-end=\"932\"><strong data-start=\"900\" data-end=\"916\">Mechanismus:<\/strong> Druckmechanik<\/li>\n<li data-start=\"900\" data-end=\"932\"><strong data-start=\"935\" data-end=\"950\">Verwendung:<\/strong> Werbegeschenke f\u00fcr Unternehmen, n\u00fctzliche Alltagsartikel<\/li>\n<\/ul>\n","protected":false},"excerpt":{"rendered":"<p data-start=\"0\" data-end=\"275\"><strong data-start=\"0\" data-end=\"59\">Metall-Kugelschreiber mit blauer Mine und Druckmechanik<\/strong><br data-start=\"59\" data-end=\"62\" \/>Ausgestattet mit einer Touch Pen-Spitze zur Bedienung von Touchscreens.<br data-start=\"133\" data-end=\"136\" data-is-only-node=\"\" \/>Das Geh\u00e4use aus Aluminium ist f\u00fcr Lasergravur geeignet \u2013 ideal als funktionales Schreibger\u00e4t f\u00fcr B\u00fcro, Verkaufsstellen und als Werbetr\u00e4ger.<\/p>\n<p data-start=\"277\" data-end=\"300\"><strong data-start=\"277\" data-end=\"298\">Technische Daten:<\/strong><\/p>\n<ul>\n<li data-start=\"303\" data-end=\"319\"><strong data-start=\"303\" data-end=\"312\">Mine:<\/strong> Blau<\/li>\n<li data-start=\"322\" data-end=\"354\"><strong data-start=\"322\" data-end=\"338\">Mechanismus:<\/strong> Druckmechanik<\/li>\n<li data-start=\"357\" data-end=\"412\"><strong data-start=\"357\" data-end=\"376\">Zusatzfunktion:<\/strong> Touch Pen-Spitze f\u00fcr Touchscreens<\/li>\n<li data-start=\"415\" data-end=\"451\"><strong data-start=\"415\" data-end=\"430\">Veredelung:<\/strong> Lasergravur geeignet<\/li>\n<\/ul>\n","protected":false},"featured_media":19106,"comment_status":"open","ping_status":"closed","template":"","meta":[],"product_brand":[],"product_cat":[410,394,409,389],"product_tag":[274,264,265],"class_list":{"0":"post-19105","1":"product","2":"type-product","3":"status-publish","4":"has-post-thumbnail","6":"product_cat-gravur","7":"product_cat-kugelschreiber","8":"product_cat-personalisierung","9":"product_cat-schreibwaren","10":"product_tag-gravur","11":"product_tag-kugelschreiber","12":"product_tag-werbegeschenke","14":"first","15":"instock","16":"taxable","17":"shipping-taxable","18":"purchasable","19":"product-type-simple"},"_links":{"self":[{"href":"https:\/\/astari.com.pl\/de\/wp-json\/wp\/v2\/product\/19105","targetHints":{"allow":["GET"]}}],"collection":[{"href":"https:\/\/astari.com.pl\/de\/wp-json\/wp\/v2\/product"}],"about":[{"href":"https:\/\/astari.com.pl\/de\/wp-json\/wp\/v2\/types\/product"}],"replies":[{"embeddable":true,"href":"https:\/\/astari.com.pl\/de\/wp-json\/wp\/v2\/comments?post=19105"}],"version-history":[{"count":0,"href":"https:\/\/astari.com.pl\/de\/wp-json\/wp\/v2\/product\/19105\/revisions"}],"wp:featuredmedia":[{"embeddable":true,"href":"https:\/\/astari.com.pl\/de\/wp-json\/wp\/v2\/media\/19106"}],"wp:attachment":[{"href":"https:\/\/astari.com.pl\/de\/wp-json\/wp\/v2\/media?parent=19105"}],"wp:term":[{"taxonomy":"product_brand","embeddable":true,"href":"https:\/\/astari.com.pl\/de\/wp-json\/wp\/v2\/product_brand?post=19105"},{"taxonomy":"product_cat","embeddable":true,"href":"https:\/\/astari.com.pl\/de\/wp-json\/wp\/v2\/product_cat?post=19105"},{"taxonomy":"product_tag","embeddable":true,"href":"https:\/\/astari.com.pl\/de\/wp-json\/wp\/v2\/product_tag?post=19105"}],"curies":[{"name":"wp","href":"https:\/\/api.w.org\/{rel}","templated":true}]}}