{"id":19113,"date":"2025-04-24T08:51:19","date_gmt":"2025-04-24T06:51:19","guid":{"rendered":"https:\/\/astari.com.pl\/produkt\/metallschluesselanhaenger-mit-flaschenoeffner-in-kronkorkenform-bm-18\/"},"modified":"2025-06-26T08:47:02","modified_gmt":"2025-06-26T06:47:02","slug":"metallschluesselanhaenger-mit-flaschenoeffner-in-kronkorkenform-bm-17","status":"publish","type":"product","link":"https:\/\/astari.com.pl\/de\/produkt\/metallschluesselanhaenger-mit-flaschenoeffner-in-kronkorkenform-bm-17\/","title":{"rendered":"Metallschl\u00fcsselanh\u00e4nger mit Flaschen\u00f6ffner in Kronkorkenform BM-17"},"content":{"rendered":"<h1 data-start=\"72\" data-end=\"507\"><strong data-start=\"72\" data-end=\"122\">Einzigartiger Werbeartikel f\u00fcr Ihr Unternehmen<\/strong><\/h1>\n<p data-start=\"72\" data-end=\"507\">Der ASTARI Metallschl\u00fcsselanh\u00e4nger mit integriertem Flaschen\u00f6ffner in Form eines Kronkorkens ist ein bew\u00e4hrter Werbeartikel f\u00fcr Unternehmen, die Funktionalit\u00e4t und schlichtes Design sch\u00e4tzen. Ideal als Bestandteil von Willkommenspaketen oder als praktisches Werbegeschenk f\u00fcr Kunden und Gesch\u00e4ftspartner. Das zeitlose Design eignet sich f\u00fcr den Einsatz im B\u00fcro ebenso wie im Alltag.<\/p>\n<h2 data-start=\"509\" data-end=\"790\"><strong data-start=\"509\" data-end=\"541\">Hochwertige Personalisierung<\/strong><\/h2>\n<p data-start=\"509\" data-end=\"790\">Der Anh\u00e4nger kann per Lasergravur oder UV-Druck individuell gestaltet werden \u2013 mit Ihrem Logo, Slogan, Kontaktdaten oder einem grafischen Element. So wird der Schl\u00fcsselanh\u00e4nger zu einem effektiven Markenbotschafter mit hohem Wiedererkennungswert.<\/p>\n<h3 data-start=\"792\" data-end=\"1031\"><strong data-start=\"792\" data-end=\"828\">Warum lohnt sich dieser Artikel?<\/strong><\/h3>\n<p data-start=\"792\" data-end=\"1031\">Dank robuster Verarbeitung erf\u00fcllt der Anh\u00e4nger auch hohe Anforderungen im t\u00e4glichen Gebrauch. Eine durchdachte Wahl f\u00fcr Unternehmen, die moderne, preiswerte und personalisierbare Werbeartikel suchen.<\/p>\n<h3 data-start=\"1033\" data-end=\"1064\"><strong data-start=\"1033\" data-end=\"1062\">Technische Spezifikation:<\/strong><\/h3>\n<ul>\n<li data-start=\"1067\" data-end=\"1102\"><strong data-start=\"1067\" data-end=\"1080\">Material:<\/strong> 100\u202f% Zinklegierung<\/li>\n<li data-start=\"1105\" data-end=\"1148\"><strong data-start=\"1105\" data-end=\"1120\">Veredelung:<\/strong> Lasergravur oder UV-Druck<\/li>\n<li data-start=\"1151\" data-end=\"1189\"><strong data-start=\"1151\" data-end=\"1180\">Gesamtl\u00e4nge (inkl. Ring):<\/strong> 100 mm<\/li>\n<li data-start=\"1192\" data-end=\"1219\"><strong data-start=\"1192\" data-end=\"1209\">Gravurfl\u00e4che:<\/strong> \u00d8 30 mm<\/li>\n<li data-start=\"1222\" data-end=\"1266\"><strong data-start=\"1222\" data-end=\"1237\">Verwendung:<\/strong> Werbeartikel f\u00fcr Unternehmen<\/li>\n<\/ul>\n","protected":false},"excerpt":{"rendered":"<p>Der ASTARI Metallschl\u00fcsselanh\u00e4nger besteht aus 100\u202f% Zink und wurde speziell f\u00fcr den Einsatz im Gesch\u00e4ftsbereich entwickelt.<br data-start=\"1412\" data-end=\"1415\" \/>Die gl\u00e4nzende Oberfl\u00e4che verleiht ihm ein professionelles Erscheinungsbild, ideal f\u00fcr Firmensets oder den t\u00e4glichen Gebrauch.<br data-start=\"1540\" data-end=\"1543\" \/>Das stabile Schl\u00fcsselring-System sorgt f\u00fcr zuverl\u00e4ssige Haltbarkeit.<\/p>\n","protected":false},"featured_media":19114,"comment_status":"open","ping_status":"closed","template":"","meta":[],"product_brand":[],"product_cat":[410,397,399,409,395],"product_tag":[271,270,265],"class_list":{"0":"post-19113","1":"product","2":"type-product","3":"status-publish","4":"has-post-thumbnail","6":"product_cat-gravur","7":"product_cat-metall","8":"product_cat-mit-flaschenoffner","9":"product_cat-personalisierung","10":"product_cat-schluesselanhaenger","11":"product_tag-metall-schluesselanhaenger","12":"product_tag-schluesselanhaenger","13":"product_tag-werbegeschenke","15":"first","16":"instock","17":"taxable","18":"shipping-taxable","19":"purchasable","20":"product-type-simple"},"_links":{"self":[{"href":"https:\/\/astari.com.pl\/de\/wp-json\/wp\/v2\/product\/19113","targetHints":{"allow":["GET"]}}],"collection":[{"href":"https:\/\/astari.com.pl\/de\/wp-json\/wp\/v2\/product"}],"about":[{"href":"https:\/\/astari.com.pl\/de\/wp-json\/wp\/v2\/types\/product"}],"replies":[{"embeddable":true,"href":"https:\/\/astari.com.pl\/de\/wp-json\/wp\/v2\/comments?post=19113"}],"version-history":[{"count":1,"href":"https:\/\/astari.com.pl\/de\/wp-json\/wp\/v2\/product\/19113\/revisions"}],"predecessor-version":[{"id":19171,"href":"https:\/\/astari.com.pl\/de\/wp-json\/wp\/v2\/product\/19113\/revisions\/19171"}],"wp:featuredmedia":[{"embeddable":true,"href":"https:\/\/astari.com.pl\/de\/wp-json\/wp\/v2\/media\/19114"}],"wp:attachment":[{"href":"https:\/\/astari.com.pl\/de\/wp-json\/wp\/v2\/media?parent=19113"}],"wp:term":[{"taxonomy":"product_brand","embeddable":true,"href":"https:\/\/astari.com.pl\/de\/wp-json\/wp\/v2\/product_brand?post=19113"},{"taxonomy":"product_cat","embeddable":true,"href":"https:\/\/astari.com.pl\/de\/wp-json\/wp\/v2\/product_cat?post=19113"},{"taxonomy":"product_tag","embeddable":true,"href":"https:\/\/astari.com.pl\/de\/wp-json\/wp\/v2\/product_tag?post=19113"}],"curies":[{"name":"wp","href":"https:\/\/api.w.org\/{rel}","templated":true}]}}