{"id":19117,"date":"2025-04-24T08:47:24","date_gmt":"2025-04-24T06:47:24","guid":{"rendered":"https:\/\/astari.com.pl\/produkt\/metallschluesselanhaenger-mit-flaschenoeffner-bm-17\/"},"modified":"2025-06-26T08:49:23","modified_gmt":"2025-06-26T06:49:23","slug":"metallschluesselanhaenger-mit-flaschenoeffner-bm-16-2","status":"publish","type":"product","link":"https:\/\/astari.com.pl\/de\/produkt\/metallschluesselanhaenger-mit-flaschenoeffner-bm-16-2\/","title":{"rendered":"Metallschl\u00fcsselanh\u00e4nger mit Flaschen\u00f6ffner BM-16"},"content":{"rendered":"<h1 data-start=\"54\" data-end=\"478\"><strong data-start=\"54\" data-end=\"104\">Einzigartiger Werbeartikel f\u00fcr Ihr Unternehmen<\/strong><\/h1>\n<p data-start=\"54\" data-end=\"478\">Der ASTARI Metallschl\u00fcsselanh\u00e4nger mit integriertem Flaschen\u00f6ffner ist ein bew\u00e4hrter Werbeartikel f\u00fcr Unternehmen, die auf Funktionalit\u00e4t und schlichtes Design setzen. Ideal als Erg\u00e4nzung zu Willkommenspaketen oder als praktisches Werbegeschenk f\u00fcr Gesch\u00e4ftspartner und Kunden. Dank seines universellen Designs eignet er sich f\u00fcr den Einsatz im B\u00fcro ebenso wie im Alltag.<\/p>\n<h2 data-start=\"480\" data-end=\"783\"><strong data-start=\"480\" data-end=\"539\">Hochwertige Personalisierung f\u00fcr maximale Markenwirkung<\/strong><\/h2>\n<p data-start=\"480\" data-end=\"783\">Der Anh\u00e4nger ist f\u00fcr Lasergravur oder UV-Druck geeignet \u2013 ideal zur Anbringung Ihres Logos, Slogans, Ihrer Kontaktdaten oder eines individuellen Motivs. So wird der Schl\u00fcsselanh\u00e4nger zu einem langlebigen und wirkungsvollen Markenbotschafter.<\/p>\n<h3 data-start=\"785\" data-end=\"1042\"><strong data-start=\"785\" data-end=\"811\">Warum dieser Anh\u00e4nger?<\/strong><\/h3>\n<p data-start=\"785\" data-end=\"1042\">Durch seine solide Verarbeitung erf\u00fcllt der BM-17 die Anforderungen anspruchsvoller Unternehmen. Ein durchdachter Werbeartikel f\u00fcr alle, die auf der Suche nach einem modernen, g\u00fcnstigen und personalisierbaren Werbegeschenk sind.<\/p>\n<h3 data-start=\"1044\" data-end=\"1075\"><strong data-start=\"1044\" data-end=\"1073\">Technische Spezifikation:<\/strong><\/h3>\n<ul>\n<li data-start=\"1078\" data-end=\"1113\"><strong data-start=\"1078\" data-end=\"1091\">Material:<\/strong> 100\u202f% Zinklegierung<\/li>\n<li data-start=\"1116\" data-end=\"1159\"><strong data-start=\"1116\" data-end=\"1131\">Veredelung:<\/strong> Lasergravur oder UV-Druck<\/li>\n<li data-start=\"1162\" data-end=\"1199\"><strong data-start=\"1162\" data-end=\"1191\">Gesamtl\u00e4nge (inkl. Ring):<\/strong> 90 mm<\/li>\n<li data-start=\"1202\" data-end=\"1232\"><strong data-start=\"1202\" data-end=\"1219\">Gravurfl\u00e4che:<\/strong> 29 \u00d7 22 mm<\/li>\n<li data-start=\"1235\" data-end=\"1279\"><strong data-start=\"1235\" data-end=\"1250\">Verwendung:<\/strong> Werbeartikel f\u00fcr Unternehmen<\/li>\n<\/ul>\n","protected":false},"excerpt":{"rendered":"<p>Der ASTARI Metallschl\u00fcsselanh\u00e4nger mit integriertem Flaschen\u00f6ffner \u00fcberzeugt durch professionelle Optik, hohe Funktionalit\u00e4t und langlebige Qualit\u00e4t \u2013 perfekt f\u00fcr Firmenpakete, Events und den t\u00e4glichen Gebrauch.<\/p>\n","protected":false},"featured_media":19118,"comment_status":"open","ping_status":"closed","template":"","meta":[],"product_brand":[],"product_cat":[410,397,399,409,395],"product_tag":[271,270,265],"class_list":{"0":"post-19117","1":"product","2":"type-product","3":"status-publish","4":"has-post-thumbnail","6":"product_cat-gravur","7":"product_cat-metall","8":"product_cat-mit-flaschenoffner","9":"product_cat-personalisierung","10":"product_cat-schluesselanhaenger","11":"product_tag-metall-schluesselanhaenger","12":"product_tag-schluesselanhaenger","13":"product_tag-werbegeschenke","15":"first","16":"instock","17":"taxable","18":"shipping-taxable","19":"purchasable","20":"product-type-simple"},"_links":{"self":[{"href":"https:\/\/astari.com.pl\/de\/wp-json\/wp\/v2\/product\/19117","targetHints":{"allow":["GET"]}}],"collection":[{"href":"https:\/\/astari.com.pl\/de\/wp-json\/wp\/v2\/product"}],"about":[{"href":"https:\/\/astari.com.pl\/de\/wp-json\/wp\/v2\/types\/product"}],"replies":[{"embeddable":true,"href":"https:\/\/astari.com.pl\/de\/wp-json\/wp\/v2\/comments?post=19117"}],"version-history":[{"count":2,"href":"https:\/\/astari.com.pl\/de\/wp-json\/wp\/v2\/product\/19117\/revisions"}],"predecessor-version":[{"id":19173,"href":"https:\/\/astari.com.pl\/de\/wp-json\/wp\/v2\/product\/19117\/revisions\/19173"}],"wp:featuredmedia":[{"embeddable":true,"href":"https:\/\/astari.com.pl\/de\/wp-json\/wp\/v2\/media\/19118"}],"wp:attachment":[{"href":"https:\/\/astari.com.pl\/de\/wp-json\/wp\/v2\/media?parent=19117"}],"wp:term":[{"taxonomy":"product_brand","embeddable":true,"href":"https:\/\/astari.com.pl\/de\/wp-json\/wp\/v2\/product_brand?post=19117"},{"taxonomy":"product_cat","embeddable":true,"href":"https:\/\/astari.com.pl\/de\/wp-json\/wp\/v2\/product_cat?post=19117"},{"taxonomy":"product_tag","embeddable":true,"href":"https:\/\/astari.com.pl\/de\/wp-json\/wp\/v2\/product_tag?post=19117"}],"curies":[{"name":"wp","href":"https:\/\/api.w.org\/{rel}","templated":true}]}}