{"id":19127,"date":"2025-04-23T14:55:52","date_gmt":"2025-04-23T12:55:52","guid":{"rendered":"https:\/\/astari.com.pl\/produkt\/metallschluesselanhaenger-mit-flaschenoeffner-in-herzform-bm-15\/"},"modified":"2025-06-26T08:56:04","modified_gmt":"2025-06-26T06:56:04","slug":"metallschluesselanhaenger-mit-flaschenoeffner-in-herzform-bm-14","status":"publish","type":"product","link":"https:\/\/astari.com.pl\/de\/produkt\/metallschluesselanhaenger-mit-flaschenoeffner-in-herzform-bm-14\/","title":{"rendered":"Metallschl\u00fcsselanh\u00e4nger mit Flaschen\u00f6ffner in Herzform BM-14"},"content":{"rendered":"<h1 data-start=\"66\" data-end=\"472\"><strong data-start=\"66\" data-end=\"117\">Einzigartiges Werbegeschenk f\u00fcr Ihr Unternehmen<\/strong><\/h1>\n<p data-start=\"66\" data-end=\"472\">Der Metallschl\u00fcsselanh\u00e4nger von ASTARI mit integriertem Kronkorken\u00f6ffner ist ein bew\u00e4hrtes Werbegeschenk f\u00fcr Unternehmen, die auf Funktionalit\u00e4t und Schlichtheit setzen. Ideal als Werbeartikel \u2013 perfekt als Teil von Willkommenspaketen oder als Geschenk f\u00fcr Gesch\u00e4ftspartner und Kunden. Das zeitlose Design passt sowohl ins B\u00fcro als auch f\u00fcr den Alltag.<\/p>\n<h2 data-start=\"474\" data-end=\"867\"><strong data-start=\"474\" data-end=\"514\">Personalisierung auf h\u00f6chstem Niveau<\/strong><\/h2>\n<p data-start=\"474\" data-end=\"867\">Die Schl\u00fcsselanh\u00e4nger eignen sich f\u00fcr eine Lasergravur oder einen UV-Druck-Aufkleber, wodurch das Firmenlogo, ein Slogan, Kontaktdaten oder ein anderes grafisches Zeichen aufgebracht werden kann. Ein solcher personalisierter Anh\u00e4nger mit Gravur tr\u00e4gt wirksam zur Steigerung der Markenbekanntheit bei \u2013 Ihr Unternehmen bleibt nachhaltig im Ged\u00e4chtnis.<\/p>\n<h3 data-start=\"869\" data-end=\"1095\"><strong data-start=\"869\" data-end=\"893\">Warum lohnt es sich?<\/strong><\/h3>\n<p data-start=\"869\" data-end=\"1095\">Dank der soliden Verarbeitung erf\u00fcllt dieser Schl\u00fcsselanh\u00e4nger selbst h\u00f6chste Anspr\u00fcche. Eine durchdachte Wahl f\u00fcr alle, die nach innovativen, preiswerten und personalisierbaren Werbeartikeln suchen.<\/p>\n<h3 data-start=\"1097\" data-end=\"1292\"><strong data-start=\"1097\" data-end=\"1118\">Technische Daten:<\/strong><\/h3>\n<ul>\n<li data-start=\"1097\" data-end=\"1292\"><strong>Material:<\/strong> 100 % Zinklegierung<\/li>\n<li data-start=\"1097\" data-end=\"1292\"><strong>Veredelung:<\/strong> Lasergravur, UV-Druck<\/li>\n<li data-start=\"1097\" data-end=\"1292\"><strong>Gesamtl\u00e4nge mit Ring:<\/strong> 80 mm<\/li>\n<li data-start=\"1097\" data-end=\"1292\"><strong>Werbefl\u00e4che:<\/strong> 15 mm x 20 mm<\/li>\n<li data-start=\"1097\" data-end=\"1292\"><strong>Einsatzbereich:<\/strong> Werbeartikel f\u00fcr Unternehmen<\/li>\n<\/ul>\n","protected":false},"excerpt":{"rendered":"<p data-start=\"0\" data-end=\"400\">Der Metallschl\u00fcsselanh\u00e4nger ASTARI besteht zu 100 % aus Zinklegierung und wurde speziell f\u00fcr den gesch\u00e4ftlichen Einsatz entwickelt. Die gl\u00e4nzende Oberfl\u00e4che verleiht ihm ein professionelles Erscheinungsbild \u2013 ideal f\u00fcr den Einsatz im B\u00fcro oder als praktisches Element in Firmen-Sets. Der stabile Verschluss sorgt f\u00fcr Langlebigkeit \u2013 der Anh\u00e4nger rei\u00dft nicht ab und bew\u00e4hrt sich im t\u00e4glichen Gebrauch.<\/p>\n<ul>\n<li data-start=\"402\" data-end=\"451\"><strong data-start=\"402\" data-end=\"418\">Gesamtl\u00e4nge:<\/strong> 80 mm<\/li>\n<li data-start=\"402\" data-end=\"451\"><strong data-start=\"427\" data-end=\"440\">Material:<\/strong> 100 % Zink<\/li>\n<\/ul>\n","protected":false},"featured_media":19128,"comment_status":"open","ping_status":"closed","template":"","meta":[],"product_brand":[],"product_cat":[410,397,399,409,395],"product_tag":[271,270,265],"class_list":{"0":"post-19127","1":"product","2":"type-product","3":"status-publish","4":"has-post-thumbnail","6":"product_cat-gravur","7":"product_cat-metall","8":"product_cat-mit-flaschenoffner","9":"product_cat-personalisierung","10":"product_cat-schluesselanhaenger","11":"product_tag-metall-schluesselanhaenger","12":"product_tag-schluesselanhaenger","13":"product_tag-werbegeschenke","15":"first","16":"instock","17":"taxable","18":"shipping-taxable","19":"purchasable","20":"product-type-simple"},"_links":{"self":[{"href":"https:\/\/astari.com.pl\/de\/wp-json\/wp\/v2\/product\/19127","targetHints":{"allow":["GET"]}}],"collection":[{"href":"https:\/\/astari.com.pl\/de\/wp-json\/wp\/v2\/product"}],"about":[{"href":"https:\/\/astari.com.pl\/de\/wp-json\/wp\/v2\/types\/product"}],"replies":[{"embeddable":true,"href":"https:\/\/astari.com.pl\/de\/wp-json\/wp\/v2\/comments?post=19127"}],"version-history":[{"count":1,"href":"https:\/\/astari.com.pl\/de\/wp-json\/wp\/v2\/product\/19127\/revisions"}],"predecessor-version":[{"id":19175,"href":"https:\/\/astari.com.pl\/de\/wp-json\/wp\/v2\/product\/19127\/revisions\/19175"}],"wp:featuredmedia":[{"embeddable":true,"href":"https:\/\/astari.com.pl\/de\/wp-json\/wp\/v2\/media\/19128"}],"wp:attachment":[{"href":"https:\/\/astari.com.pl\/de\/wp-json\/wp\/v2\/media?parent=19127"}],"wp:term":[{"taxonomy":"product_brand","embeddable":true,"href":"https:\/\/astari.com.pl\/de\/wp-json\/wp\/v2\/product_brand?post=19127"},{"taxonomy":"product_cat","embeddable":true,"href":"https:\/\/astari.com.pl\/de\/wp-json\/wp\/v2\/product_cat?post=19127"},{"taxonomy":"product_tag","embeddable":true,"href":"https:\/\/astari.com.pl\/de\/wp-json\/wp\/v2\/product_tag?post=19127"}],"curies":[{"name":"wp","href":"https:\/\/api.w.org\/{rel}","templated":true}]}}