{"id":19132,"date":"2025-04-23T14:54:09","date_gmt":"2025-04-23T12:54:09","guid":{"rendered":"https:\/\/astari.com.pl\/produkt\/metallschluesselanhaenger-mit-flaschenoeffner-bm-14\/"},"modified":"2025-06-26T09:08:47","modified_gmt":"2025-06-26T07:08:47","slug":"metallschluesselanhaenger-mit-flaschenoeffner-bm-13-2","status":"publish","type":"product","link":"https:\/\/astari.com.pl\/de\/produkt\/metallschluesselanhaenger-mit-flaschenoeffner-bm-13-2\/","title":{"rendered":"Metallschl\u00fcsselanh\u00e4nger mit Flaschen\u00f6ffner BM-13"},"content":{"rendered":"<h1 data-start=\"54\" data-end=\"482\"><strong data-start=\"54\" data-end=\"105\">Einzigartiges Werbegeschenk f\u00fcr Ihr Unternehmen<\/strong><\/h1>\n<p data-start=\"54\" data-end=\"482\">Der Metallschl\u00fcsselanh\u00e4nger von ASTARI mit integriertem Flaschen\u00f6ffner ist ein bew\u00e4hrtes Werbegeschenk f\u00fcr Unternehmen, die auf Funktionalit\u00e4t und Schlichtheit setzen. Perfekt geeignet als Werbeartikel \u2013 ideal als Teil von Willkommenspaketen oder als Geschenk f\u00fcr Gesch\u00e4ftspartner und Kunden. Das universelle Design passt sowohl ins B\u00fcro als auch f\u00fcr den t\u00e4glichen Gebrauch.<\/p>\n<h2 data-start=\"484\" data-end=\"863\"><strong data-start=\"484\" data-end=\"524\">Personalisierung auf h\u00f6chstem Niveau<\/strong><\/h2>\n<p data-start=\"484\" data-end=\"863\">Die Schl\u00fcsselanh\u00e4nger eignen sich f\u00fcr die Veredelung durch Lasergravur oder UV-Druckaufkleber. So k\u00f6nnen Sie Ihr Firmenlogo, einen Slogan, Kontaktdaten oder ein anderes grafisches Element anbringen. Ein personalisierter Anh\u00e4nger mit Gravur unterst\u00fctzt wirksam den Markenaufbau und sorgt daf\u00fcr, dass Ihr Unternehmen im Ged\u00e4chtnis bleibt.<\/p>\n<h3 data-start=\"865\" data-end=\"1137\"><strong data-start=\"865\" data-end=\"889\">Warum lohnt es sich?<\/strong><\/h3>\n<p data-start=\"865\" data-end=\"1137\">Durch die hochwertige Verarbeitung erf\u00fcllt dieser Schl\u00fcsselanh\u00e4nger selbst h\u00f6chste Anforderungen. Eine durchdachte Wahl f\u00fcr alle, die auf der Suche nach innovativen, preisg\u00fcnstigen und individualisierbaren Werbeartikeln f\u00fcr ihr Unternehmen sind.<\/p>\n<h3 data-start=\"1139\" data-end=\"1341\"><strong data-start=\"1139\" data-end=\"1160\">Technische Daten:<\/strong><\/h3>\n<ul>\n<li data-start=\"1139\" data-end=\"1341\"><strong>Material:<\/strong> 100 % Zinklegierung<\/li>\n<li data-start=\"1139\" data-end=\"1341\"><strong>Veredelung:<\/strong> Lasergravur, UV-Druck<\/li>\n<li data-start=\"1139\" data-end=\"1341\"><strong>Gesamtl\u00e4nge mit Schl\u00fcsselring:<\/strong> 100 mm<\/li>\n<li data-start=\"1139\" data-end=\"1341\"><strong>Werbefl\u00e4che:<\/strong> 19 x 38 mm<\/li>\n<li data-start=\"1139\" data-end=\"1341\"><strong>Einsatzbereich:<\/strong> Werbeartikel f\u00fcr Unternehmen<\/li>\n<\/ul>\n<p data-start=\"1343\" data-end=\"1767\" data-is-last-node=\"\" data-is-only-node=\"\">\n","protected":false},"excerpt":{"rendered":"<p data-start=\"0\" data-end=\"404\">Der Metallschl\u00fcsselanh\u00e4nger ASTARI besteht zu 100\u202f% aus Zinklegierung und wurde speziell f\u00fcr den gesch\u00e4ftlichen Einsatz entwickelt. Die gl\u00e4nzende Oberfl\u00e4che verleiht ihm ein professionelles Erscheinungsbild \u2013 ideal f\u00fcr den Einsatz im B\u00fcro oder als praktisches Element in Firmensets. Der stabile Verschluss sorgt f\u00fcr hohe Langlebigkeit \u2013 der Anh\u00e4nger rei\u00dft nicht ab und bew\u00e4hrt sich im t\u00e4glichen Gebrauch.<\/p>\n<ul>\n<li data-start=\"406\" data-end=\"456\"><strong data-start=\"406\" data-end=\"422\">Gesamtl\u00e4nge:<\/strong> 100 mm<\/li>\n<li data-start=\"406\" data-end=\"456\"><strong data-start=\"432\" data-end=\"445\">Material:<\/strong> 100\u202f% Zink<\/li>\n<\/ul>\n","protected":false},"featured_media":19133,"comment_status":"open","ping_status":"closed","template":"","meta":[],"product_brand":[],"product_cat":[410,397,399,409,395],"product_tag":[271,270,265],"class_list":{"0":"post-19132","1":"product","2":"type-product","3":"status-publish","4":"has-post-thumbnail","6":"product_cat-gravur","7":"product_cat-metall","8":"product_cat-mit-flaschenoffner","9":"product_cat-personalisierung","10":"product_cat-schluesselanhaenger","11":"product_tag-metall-schluesselanhaenger","12":"product_tag-schluesselanhaenger","13":"product_tag-werbegeschenke","15":"first","16":"instock","17":"taxable","18":"shipping-taxable","19":"purchasable","20":"product-type-simple"},"_links":{"self":[{"href":"https:\/\/astari.com.pl\/de\/wp-json\/wp\/v2\/product\/19132","targetHints":{"allow":["GET"]}}],"collection":[{"href":"https:\/\/astari.com.pl\/de\/wp-json\/wp\/v2\/product"}],"about":[{"href":"https:\/\/astari.com.pl\/de\/wp-json\/wp\/v2\/types\/product"}],"replies":[{"embeddable":true,"href":"https:\/\/astari.com.pl\/de\/wp-json\/wp\/v2\/comments?post=19132"}],"version-history":[{"count":1,"href":"https:\/\/astari.com.pl\/de\/wp-json\/wp\/v2\/product\/19132\/revisions"}],"predecessor-version":[{"id":19176,"href":"https:\/\/astari.com.pl\/de\/wp-json\/wp\/v2\/product\/19132\/revisions\/19176"}],"wp:featuredmedia":[{"embeddable":true,"href":"https:\/\/astari.com.pl\/de\/wp-json\/wp\/v2\/media\/19133"}],"wp:attachment":[{"href":"https:\/\/astari.com.pl\/de\/wp-json\/wp\/v2\/media?parent=19132"}],"wp:term":[{"taxonomy":"product_brand","embeddable":true,"href":"https:\/\/astari.com.pl\/de\/wp-json\/wp\/v2\/product_brand?post=19132"},{"taxonomy":"product_cat","embeddable":true,"href":"https:\/\/astari.com.pl\/de\/wp-json\/wp\/v2\/product_cat?post=19132"},{"taxonomy":"product_tag","embeddable":true,"href":"https:\/\/astari.com.pl\/de\/wp-json\/wp\/v2\/product_tag?post=19132"}],"curies":[{"name":"wp","href":"https:\/\/api.w.org\/{rel}","templated":true}]}}