{"id":19142,"date":"2025-04-23T14:44:07","date_gmt":"2025-04-23T12:44:07","guid":{"rendered":"https:\/\/astari.com.pl\/produkt\/zweiseitiger-drehbarer-metallschluesselanhaenger-bm-12\/"},"modified":"2025-06-26T09:10:17","modified_gmt":"2025-06-26T07:10:17","slug":"zweiseitiger-drehbarer-metallschluesselanhaenger-bm-11","status":"publish","type":"product","link":"https:\/\/astari.com.pl\/de\/produkt\/zweiseitiger-drehbarer-metallschluesselanhaenger-bm-11\/","title":{"rendered":"Zweiseitiger, drehbarer Metallschl\u00fcsselanh\u00e4nger BM-11"},"content":{"rendered":"<h1 data-start=\"59\" data-end=\"441\"><strong data-start=\"59\" data-end=\"110\">Einzigartiges Werbegeschenk f\u00fcr Ihr Unternehmen<\/strong><\/h1>\n<p data-start=\"59\" data-end=\"441\">Der Metallschl\u00fcsselanh\u00e4nger von ASTARI ist ein bew\u00e4hrter Werbeartikel f\u00fcr Unternehmen, die auf Funktionalit\u00e4t und Schlichtheit setzen. Perfekt als Teil von Willkommenspaketen oder als Pr\u00e4sent f\u00fcr Gesch\u00e4ftspartner und Kunden. Das universelle Design macht ihn sowohl f\u00fcr den B\u00fcroalltag als auch f\u00fcr den privaten Gebrauch geeignet.<\/p>\n<h2 data-start=\"59\" data-end=\"441\"><strong data-start=\"443\" data-end=\"483\">Personalisierung auf h\u00f6chstem Niveau<\/strong><\/h2>\n<p data-start=\"59\" data-end=\"441\">Der Schl\u00fcsselanh\u00e4nger kann per Lasergravur oder UV-Druck-Aufkleber personalisiert werden \u2013 ideal f\u00fcr Ihr Firmenlogo, einen Slogan, Kontaktdaten oder ein anderes grafisches Element. Ein individualisierter Anh\u00e4nger mit Gravur unterst\u00fctzt den Markenaufbau effektiv und sorgt f\u00fcr einen bleibenden Eindruck bei Ihren Kunden.<\/p>\n<h3 data-start=\"807\" data-end=\"1051\"><strong data-start=\"807\" data-end=\"831\">Warum lohnt es sich?<\/strong><\/h3>\n<p data-start=\"807\" data-end=\"1051\">Dank der stabilen Verarbeitung erf\u00fcllt dieser Anh\u00e4nger die Anspr\u00fcche selbst anspruchsvollster Unternehmen. Eine durchdachte Wahl f\u00fcr alle, die nach neuen, kosteng\u00fcnstigen und individualisierbaren Werbeartikeln suchen.<\/p>\n<h3 data-start=\"1053\" data-end=\"1254\"><strong data-start=\"1053\" data-end=\"1074\">Technische Daten:<\/strong><\/h3>\n<ul>\n<li data-start=\"1053\" data-end=\"1254\"><strong>Material:<\/strong> 100\u202f% Zinklegierung<\/li>\n<li data-start=\"1053\" data-end=\"1254\"><strong>Veredelung:<\/strong> Lasergravur<\/li>\n<li data-start=\"1053\" data-end=\"1254\"><strong>Gesamtl\u00e4nge mit Schl\u00fcsselring:<\/strong> 75 mm<\/li>\n<li data-start=\"1053\" data-end=\"1254\"><strong>Werbefl\u00e4che:<\/strong> \u00d8 26 mm (zweiseitig)<\/li>\n<li data-start=\"1053\" data-end=\"1254\"><strong>Einsatzbereich:<\/strong> Werbeartikel f\u00fcr Unternehmen<\/li>\n<\/ul>\n","protected":false},"excerpt":{"rendered":"<p data-start=\"0\" data-end=\"413\">Der Metallschl\u00fcsselanh\u00e4nger ASTARI besteht zu 100\u202f% aus Zinklegierung und wurde speziell f\u00fcr den professionellen Einsatz entwickelt. Die gl\u00e4nzende Oberfl\u00e4che verleiht ihm ein hochwertiges, seri\u00f6ses Erscheinungsbild \u2013 ideal f\u00fcr den B\u00fcrogebrauch oder als praktisches Element in Firmensets. Der stabile Verschluss sorgt f\u00fcr zuverl\u00e4ssige Haltbarkeit \u2013 der Anh\u00e4nger bleibt auch bei t\u00e4glichem Gebrauch sicher befestigt.<\/p>\n<ul>\n<li data-start=\"415\" data-end=\"464\"><strong data-start=\"415\" data-end=\"431\">Gesamtl\u00e4nge:<\/strong> 75 mm<\/li>\n<li data-start=\"415\" data-end=\"464\"><strong data-start=\"440\" data-end=\"453\">Material:<\/strong> 100\u202f% Zink<\/li>\n<\/ul>\n","protected":false},"featured_media":19143,"comment_status":"open","ping_status":"closed","template":"","meta":[],"product_brand":[],"product_cat":[410,397,409,395],"product_tag":[271,270,265],"class_list":{"0":"post-19142","1":"product","2":"type-product","3":"status-publish","4":"has-post-thumbnail","6":"product_cat-gravur","7":"product_cat-metall","8":"product_cat-personalisierung","9":"product_cat-schluesselanhaenger","10":"product_tag-metall-schluesselanhaenger","11":"product_tag-schluesselanhaenger","12":"product_tag-werbegeschenke","14":"first","15":"instock","16":"taxable","17":"shipping-taxable","18":"purchasable","19":"product-type-simple"},"_links":{"self":[{"href":"https:\/\/astari.com.pl\/de\/wp-json\/wp\/v2\/product\/19142","targetHints":{"allow":["GET"]}}],"collection":[{"href":"https:\/\/astari.com.pl\/de\/wp-json\/wp\/v2\/product"}],"about":[{"href":"https:\/\/astari.com.pl\/de\/wp-json\/wp\/v2\/types\/product"}],"replies":[{"embeddable":true,"href":"https:\/\/astari.com.pl\/de\/wp-json\/wp\/v2\/comments?post=19142"}],"version-history":[{"count":1,"href":"https:\/\/astari.com.pl\/de\/wp-json\/wp\/v2\/product\/19142\/revisions"}],"predecessor-version":[{"id":19178,"href":"https:\/\/astari.com.pl\/de\/wp-json\/wp\/v2\/product\/19142\/revisions\/19178"}],"wp:featuredmedia":[{"embeddable":true,"href":"https:\/\/astari.com.pl\/de\/wp-json\/wp\/v2\/media\/19143"}],"wp:attachment":[{"href":"https:\/\/astari.com.pl\/de\/wp-json\/wp\/v2\/media?parent=19142"}],"wp:term":[{"taxonomy":"product_brand","embeddable":true,"href":"https:\/\/astari.com.pl\/de\/wp-json\/wp\/v2\/product_brand?post=19142"},{"taxonomy":"product_cat","embeddable":true,"href":"https:\/\/astari.com.pl\/de\/wp-json\/wp\/v2\/product_cat?post=19142"},{"taxonomy":"product_tag","embeddable":true,"href":"https:\/\/astari.com.pl\/de\/wp-json\/wp\/v2\/product_tag?post=19142"}],"curies":[{"name":"wp","href":"https:\/\/api.w.org\/{rel}","templated":true}]}}