{"id":19222,"date":"2025-04-23T13:51:42","date_gmt":"2025-04-23T11:51:42","guid":{"rendered":"https:\/\/astari.com.pl\/produkt\/schluesselanhaenger-aus-metall-in-form-eines-drehbaren-hauses-bm-01\/"},"modified":"2025-04-23T13:51:42","modified_gmt":"2025-04-23T11:51:42","slug":"schluesselanhaenger-aus-metall-in-form-eines-drehbaren-hauses-bm-01","status":"publish","type":"product","link":"https:\/\/astari.com.pl\/de\/produkt\/schluesselanhaenger-aus-metall-in-form-eines-drehbaren-hauses-bm-01\/","title":{"rendered":"Schl\u00fcsselanh\u00e4nger aus Metall in Form eines drehbaren Hauses BM-01"},"content":{"rendered":"<h1><strong>Ein einzigartiges Werbegeschenk f\u00fcr Ihr Unternehmen<\/strong><\/h1>\n<p>Der ASTARI Metall-Schl\u00fcsselanh\u00e4nger ist ein bew\u00e4hrtes Werbegeschenk f\u00fcr Unternehmen, die auf Funktionalit\u00e4t und Einfachheit setzen. Sie eignen sich hervorragend als Werbegeschenke f\u00fcr Unternehmen &#8211; sie k\u00f6nnen eine Erg\u00e4nzung zu Willkommenspaketen oder Geschenken f\u00fcr Gesch\u00e4ftspartner und Kunden sein. Ihr universelles Design eignet sich sowohl f\u00fcr das B\u00fcro als auch f\u00fcr den t\u00e4glichen Gebrauch.<\/p>\n<h2><strong>Personalisierung auf h\u00f6chstem Niveau<\/strong><\/h2>\n<p>Schl\u00fcsselanh\u00e4nger eignen sich f\u00fcr die Lasergravur, so dass Sie Ihr Firmenlogo, Ihren Slogan, Ihre Kontaktdaten oder ein anderes grafisches Zeichen einf\u00fcgen k\u00f6nnen. Ein solcher personalisierter Schl\u00fcsselanh\u00e4nger mit Gravur tr\u00e4gt dazu bei, den Wiedererkennungswert Ihrer Marke zu steigern, so dass Ihr Unternehmen l\u00e4nger in Erinnerung bleibt.<\/p>\n<h3>Warum es sich lohnt?<\/h3>\n<p>Dank seiner soliden Verarbeitung wird dieser Schl\u00fcsselanh\u00e4nger auch den Erwartungen der anspruchsvollsten Unternehmen gerecht. Eine durchdachte Wahl f\u00fcr alle, die auf der Suche nach einer Neuheit in der Kategorie der Werbeartikel f\u00fcr Unternehmen sind, die zu einem g\u00fcnstigen Preis erh\u00e4ltlich ist und personalisiert werden kann.<\/p>\n<h3>Technische Daten:<\/h3>\n<ul>\n<li><strong>Material:<\/strong> 100% Zinklegierung<\/li>\n<li><strong>Beschriftungstechnik:<\/strong> Lasergravur<\/li>\n<li><strong>Gesamtl\u00e4nge mit Ring:<\/strong> 71 mm<\/li>\n<li><strong>Zweck:<\/strong> Werbegeschenke f\u00fcr Unternehmen<\/li>\n<\/ul>\n","protected":false},"excerpt":{"rendered":"<p>Der ASTARI Hausschl\u00fcsselanh\u00e4nger ist ein drehbarer, doppelseitiger Metallschl\u00fcsselanh\u00e4nger aus 100% Zinklegierung, der f\u00fcr den Einsatz in Unternehmen konzipiert wurde. Die gl\u00e4nzende Oberfl\u00e4che verleiht ihm ein professionelles Aussehen, ideal f\u00fcr den Einsatz im B\u00fcro oder als praktisches Accessoire in Firmenausstattungen. Die starke Schlie\u00dfe sorgt f\u00fcr Langlebigkeit &#8211; der Schl\u00fcsselring bricht nicht ab und bew\u00e4hrt sich im t\u00e4glichen Gebrauch.<\/p>\n<ul>\n<li><strong>Gesamtl\u00e4nge:<\/strong> 71 mm<\/li>\n<li><strong>Material:<\/strong> 100% Zink<\/li>\n<\/ul>\n","protected":false},"featured_media":19223,"comment_status":"open","ping_status":"closed","template":"","meta":[],"product_brand":[],"product_cat":[410,397,409,395],"product_tag":[],"class_list":{"0":"post-19222","1":"product","2":"type-product","3":"status-publish","4":"has-post-thumbnail","6":"product_cat-gravur","7":"product_cat-metall","8":"product_cat-personalisierung","9":"product_cat-schluesselanhaenger","11":"first","12":"instock","13":"taxable","14":"shipping-taxable","15":"purchasable","16":"product-type-simple"},"_links":{"self":[{"href":"https:\/\/astari.com.pl\/de\/wp-json\/wp\/v2\/product\/19222","targetHints":{"allow":["GET"]}}],"collection":[{"href":"https:\/\/astari.com.pl\/de\/wp-json\/wp\/v2\/product"}],"about":[{"href":"https:\/\/astari.com.pl\/de\/wp-json\/wp\/v2\/types\/product"}],"replies":[{"embeddable":true,"href":"https:\/\/astari.com.pl\/de\/wp-json\/wp\/v2\/comments?post=19222"}],"version-history":[{"count":0,"href":"https:\/\/astari.com.pl\/de\/wp-json\/wp\/v2\/product\/19222\/revisions"}],"wp:featuredmedia":[{"embeddable":true,"href":"https:\/\/astari.com.pl\/de\/wp-json\/wp\/v2\/media\/19223"}],"wp:attachment":[{"href":"https:\/\/astari.com.pl\/de\/wp-json\/wp\/v2\/media?parent=19222"}],"wp:term":[{"taxonomy":"product_brand","embeddable":true,"href":"https:\/\/astari.com.pl\/de\/wp-json\/wp\/v2\/product_brand?post=19222"},{"taxonomy":"product_cat","embeddable":true,"href":"https:\/\/astari.com.pl\/de\/wp-json\/wp\/v2\/product_cat?post=19222"},{"taxonomy":"product_tag","embeddable":true,"href":"https:\/\/astari.com.pl\/de\/wp-json\/wp\/v2\/product_tag?post=19222"}],"curies":[{"name":"wp","href":"https:\/\/api.w.org\/{rel}","templated":true}]}}