{"id":19228,"date":"2025-04-23T13:36:42","date_gmt":"2025-04-23T11:36:42","guid":{"rendered":"https:\/\/astari.com.pl\/produkt\/metallischer-astari-duo-spiegel-schluesselanhaenger-mit-flaschenoeffner-bmd-05\/"},"modified":"2025-04-23T13:36:42","modified_gmt":"2025-04-23T11:36:42","slug":"metallischer-astari-duo-spiegel-schluesselanhaenger-mit-flaschenoeffner-bmd-05","status":"publish","type":"product","link":"https:\/\/astari.com.pl\/de\/produkt\/metallischer-astari-duo-spiegel-schluesselanhaenger-mit-flaschenoeffner-bmd-05\/","title":{"rendered":"Metallischer ASTARI Duo Spiegel-Schl\u00fcsselanh\u00e4nger mit Flaschen\u00f6ffner BMD-05"},"content":{"rendered":"<article class=\"text-token-text-primary w-full\" dir=\"auto\" data-testid=\"conversation-turn-56\" data-scroll-anchor=\"true\">\n<div class=\"text-base my-auto mx-auto py-5 [--thread-content-margin:--spacing(4)] @[37rem]:[--thread-content-margin:--spacing(6)] @[72rem]:[--thread-content-margin:--spacing(16)] px-(--thread-content-margin)\">\n<div class=\"[--thread-content-max-width:32rem] @[34rem]:[--thread-content-max-width:40rem] @[64rem]:[--thread-content-max-width:48rem] mx-auto flex max-w-(--thread-content-max-width) flex-1 text-base gap-4 md:gap-5 lg:gap-6 group\/turn-messages focus-visible:outline-hidden\" tabindex=\"-1\">\n<div class=\"group\/conversation-turn relative flex w-full min-w-0 flex-col agent-turn\">\n<div class=\"relative flex-col gap-1 md:gap-3\">\n<div class=\"flex max-w-full flex-col grow\">\n<div class=\"min-h-8 text-message relative flex w-full flex-col items-end gap-2 text-start break-words whitespace-normal [.text-message+&amp;]:mt-5\" dir=\"auto\" data-message-author-role=\"assistant\" data-message-id=\"8b747785-9a5c-4ff7-8c89-fab1d5a6b8f2\" data-message-model-slug=\"gpt-4o\">\n<div class=\"flex w-full flex-col gap-1 empty:hidden first:pt-[3px]\">\n<div class=\"markdown prose dark:prose-invert w-full break-words dark\">\n<h1 data-start=\"79\" data-end=\"499\"><strong data-start=\"79\" data-end=\"130\">Einzigartiges Werbegeschenk f\u00fcr Ihr Unternehmen<\/strong><\/h1>\n<p data-start=\"79\" data-end=\"499\">Der metallische Schl\u00fcsselanh\u00e4nger ASTARI Duo mit integriertem Flaschen\u00f6ffner ist ein bew\u00e4hrter Werbeartikel f\u00fcr Unternehmen, die auf Funktionalit\u00e4t und schlichtes Design setzen. Ideal als Beigabe zu Willkommenspaketen oder als Pr\u00e4sent f\u00fcr Gesch\u00e4ftspartner und Kunden. Sein universelles Design eignet sich perfekt f\u00fcr den B\u00fcroalltag wie auch f\u00fcr die t\u00e4gliche Nutzung.<\/p>\n<h2 data-start=\"501\" data-end=\"843\"><strong data-start=\"501\" data-end=\"541\">Personalisierung auf h\u00f6chstem Niveau<\/strong><\/h2>\n<p data-start=\"501\" data-end=\"843\">Der Anh\u00e4nger ist f\u00fcr die Lasergravur geeignet \u2013 ideal zur Anbringung Ihres Firmenlogos, eines Slogans, Kontaktdaten oder anderer grafischer Elemente. Ein so personalisierter Schl\u00fcsselanh\u00e4nger unterst\u00fctzt wirksam den Markenaufbau und sorgt daf\u00fcr, dass Ihr Unternehmen nachhaltig im Ged\u00e4chtnis bleibt.<\/p>\n<h3 data-start=\"845\" data-end=\"1098\"><strong data-start=\"845\" data-end=\"869\">Warum lohnt es sich?<\/strong><\/h3>\n<p data-start=\"845\" data-end=\"1098\">Dank seiner robusten Ausf\u00fchrung erf\u00fcllt dieser Schl\u00fcsselanh\u00e4nger die Erwartungen selbst anspruchsvollster Unternehmen. Eine durchdachte Wahl f\u00fcr alle, die nach g\u00fcnstigen, modernen und individualisierbaren Werbeartikeln suchen.<\/p>\n<h3 data-start=\"1100\" data-end=\"1291\"><strong data-start=\"1100\" data-end=\"1121\">Technische Daten:<\/strong><\/h3>\n<ul>\n<li data-start=\"1100\" data-end=\"1291\"><strong>Material:<\/strong> 100\u202f% Zinklegierung<\/li>\n<li data-start=\"1100\" data-end=\"1291\"><strong>Veredelung:<\/strong> Lasergravur<\/li>\n<li data-start=\"1100\" data-end=\"1291\"><strong>Gesamtl\u00e4nge mit Schl\u00fcsselring:<\/strong> 71 mm<\/li>\n<li data-start=\"1100\" data-end=\"1291\"><strong>Werbefl\u00e4che:<\/strong> 12 \u00d7 28 mm<\/li>\n<li data-start=\"1100\" data-end=\"1291\"><strong>Einsatzbereich:<\/strong> Werbeartikel f\u00fcr Unternehmen<\/li>\n<\/ul>\n<\/div>\n<\/div>\n<\/div>\n<\/div>\n<\/div>\n<\/div>\n<\/div>\n<\/div>\n<\/article>\n","protected":false},"excerpt":{"rendered":"<p data-start=\"0\" data-end=\"485\">Der ASTARI Duo Schl\u00fcsselanh\u00e4nger mit Flaschen\u00f6ffner ist ein zweiseitiger Metallschl\u00fcsselanh\u00e4nger, gefertigt aus 100\u202f% Zinklegierung und speziell f\u00fcr den gesch\u00e4ftlichen Einsatz konzipiert. Die gl\u00e4nzende Oberfl\u00e4che verleiht ihm ein professionelles, hochwertiges Erscheinungsbild \u2013 ideal f\u00fcr den Einsatz im B\u00fcro oder als praktisches Accessoire in Firmensets. Der stabile Verschluss garantiert eine lange Lebensdauer \u2013 der Anh\u00e4nger bleibt auch bei t\u00e4glichem Gebrauch zuverl\u00e4ssig befestigt.<\/p>\n<ul>\n<li data-start=\"487\" data-end=\"536\"><strong data-start=\"487\" data-end=\"503\">Gesamtl\u00e4nge:<\/strong> 71 mm<\/li>\n<li data-start=\"487\" data-end=\"536\"><strong data-start=\"512\" data-end=\"525\">Material:<\/strong> 100\u202f% Zink<\/li>\n<\/ul>\n","protected":false},"featured_media":19229,"comment_status":"open","ping_status":"closed","template":"","meta":[],"product_brand":[],"product_cat":[410,397,399,409,395],"product_tag":[271,270,265],"class_list":{"0":"post-19228","1":"product","2":"type-product","3":"status-publish","4":"has-post-thumbnail","6":"product_cat-gravur","7":"product_cat-metall","8":"product_cat-mit-flaschenoffner","9":"product_cat-personalisierung","10":"product_cat-schluesselanhaenger","11":"product_tag-metall-schluesselanhaenger","12":"product_tag-schluesselanhaenger","13":"product_tag-werbegeschenke","15":"first","16":"instock","17":"taxable","18":"shipping-taxable","19":"purchasable","20":"product-type-simple"},"_links":{"self":[{"href":"https:\/\/astari.com.pl\/de\/wp-json\/wp\/v2\/product\/19228","targetHints":{"allow":["GET"]}}],"collection":[{"href":"https:\/\/astari.com.pl\/de\/wp-json\/wp\/v2\/product"}],"about":[{"href":"https:\/\/astari.com.pl\/de\/wp-json\/wp\/v2\/types\/product"}],"replies":[{"embeddable":true,"href":"https:\/\/astari.com.pl\/de\/wp-json\/wp\/v2\/comments?post=19228"}],"version-history":[{"count":0,"href":"https:\/\/astari.com.pl\/de\/wp-json\/wp\/v2\/product\/19228\/revisions"}],"wp:featuredmedia":[{"embeddable":true,"href":"https:\/\/astari.com.pl\/de\/wp-json\/wp\/v2\/media\/19229"}],"wp:attachment":[{"href":"https:\/\/astari.com.pl\/de\/wp-json\/wp\/v2\/media?parent=19228"}],"wp:term":[{"taxonomy":"product_brand","embeddable":true,"href":"https:\/\/astari.com.pl\/de\/wp-json\/wp\/v2\/product_brand?post=19228"},{"taxonomy":"product_cat","embeddable":true,"href":"https:\/\/astari.com.pl\/de\/wp-json\/wp\/v2\/product_cat?post=19228"},{"taxonomy":"product_tag","embeddable":true,"href":"https:\/\/astari.com.pl\/de\/wp-json\/wp\/v2\/product_tag?post=19228"}],"curies":[{"name":"wp","href":"https:\/\/api.w.org\/{rel}","templated":true}]}}