{"id":20235,"date":"2025-09-09T10:57:15","date_gmt":"2025-09-09T08:57:15","guid":{"rendered":"https:\/\/astari.com.pl\/?post_type=product&#038;p=20235"},"modified":"2025-09-23T11:06:44","modified_gmt":"2025-09-23T09:06:44","slug":"basecap-mit-stickerei-polen-marine-schwarz-kopia-kopia","status":"publish","type":"product","link":"https:\/\/astari.com.pl\/de\/produkt\/basecap-mit-stickerei-polen-marine-schwarz-kopia-kopia\/","title":{"rendered":"Winterm\u00fctze POLSKA f\u00fcr Fans CZ_02"},"content":{"rendered":"<article class=\"text-token-text-primary w-full focus:outline-none scroll-mt-[calc(var(--header-height)+min(200px,max(70px,20svh)))]\" dir=\"auto\" tabindex=\"-1\" data-turn-id=\"request-WEB:ecdc364f-04ad-48a9-9873-9578f828ea71-11\" data-testid=\"conversation-turn-4\" data-scroll-anchor=\"true\" data-turn=\"assistant\">\n<div class=\"text-base my-auto mx-auto pb-10 [--thread-content-margin:--spacing(4)] thread-sm:[--thread-content-margin:--spacing(6)] thread-lg:[--thread-content-margin:--spacing(16)] px-(--thread-content-margin)\">\n<div class=\"[--thread-content-max-width:40rem] thread-lg:[--thread-content-max-width:48rem] mx-auto max-w-(--thread-content-max-width) flex-1 group\/turn-messages focus-visible:outline-hidden relative flex w-full min-w-0 flex-col agent-turn\" tabindex=\"-1\">\n<div class=\"flex max-w-full flex-col grow\">\n<div class=\"min-h-8 text-message relative flex w-full flex-col items-end gap-2 text-start break-words whitespace-normal [.text-message+&amp;]:mt-5\" dir=\"auto\" data-message-author-role=\"assistant\" data-message-id=\"6c7ad8d1-bc04-41aa-bfc9-5f239abce294\" data-message-model-slug=\"gpt-5\">\n<div class=\"flex w-full flex-col gap-1 empty:hidden first:pt-[3px]\">\n<div class=\"markdown prose dark:prose-invert w-full break-words dark markdown-new-styling\">\n<p data-start=\"38\" data-end=\"83\">Winterm\u00fctze POLSKA mit Bommel und Stickerei<\/p>\n<p data-start=\"85\" data-end=\"560\">Die M\u00fctze ist aus 100% weichem Acryl gefertigt und mit einem Innenfutter aus thermoaktivem Fleece versehen. Dank der universellen Gr\u00f6\u00dfe passt sie sich gut an den Kopf an. Sie bietet W\u00e4rme und Komfort bei niedrigen Temperaturen. Auf der Vorderseite befindet sich eine strapazierf\u00e4hige Stickerei mit der Aufschrift \u201ePOLSKA\u201c. Die M\u00fctze eignet sich hervorragend f\u00fcr die Wintersaison und wird gerne von Fans, Sportgruppen oder Teilnehmern patriotischer Veranstaltungen getragen.<\/p>\n<p data-start=\"562\" data-end=\"600\"><strong data-start=\"562\" data-end=\"598\">Was zeichnet dieses Produkt aus?<\/strong><\/p>\n<ul data-start=\"601\" data-end=\"940\">\n<li data-start=\"601\" data-end=\"662\">\n<p data-start=\"603\" data-end=\"662\">Gestickter Schriftzug \u201ePOLSKA\u201c \u2013 langlebig und abriebfest<\/p>\n<\/li>\n<li data-start=\"663\" data-end=\"737\">\n<p data-start=\"665\" data-end=\"737\">Thermoaktives Fleecefutter \u2013 W\u00e4rme und Komfort unter allen Bedingungen<\/p>\n<\/li>\n<li data-start=\"738\" data-end=\"807\">\n<p data-start=\"740\" data-end=\"807\">Weiches und elastisches Acrylmaterial \u2013 perfekte Passform am Kopf<\/p>\n<\/li>\n<li data-start=\"808\" data-end=\"874\">\n<p data-start=\"810\" data-end=\"874\">Universelle Gr\u00f6\u00dfe \u2013 passt sowohl f\u00fcr Damen als auch f\u00fcr Herren<\/p>\n<\/li>\n<li data-start=\"875\" data-end=\"940\">\n<p data-start=\"877\" data-end=\"940\">Ideal f\u00fcr Spiele, patriotische und sportliche Veranstaltungen<\/p>\n<\/li>\n<\/ul>\n<p data-start=\"942\" data-end=\"960\"><strong data-start=\"942\" data-end=\"958\">Gedacht f\u00fcr:<\/strong><\/p>\n<ul data-start=\"961\" data-end=\"1245\">\n<li data-start=\"961\" data-end=\"995\">\n<p data-start=\"963\" data-end=\"995\">Werbeagenturen und Eventfirmen<\/p>\n<\/li>\n<li data-start=\"996\" data-end=\"1041\">\n<p data-start=\"998\" data-end=\"1041\">H\u00e4ndler von patriotischen und Fanartikeln<\/p>\n<\/li>\n<li data-start=\"1042\" data-end=\"1086\">\n<p data-start=\"1044\" data-end=\"1086\">Gesch\u00e4fte mit Werbe- und Sportbekleidung<\/p>\n<\/li>\n<li data-start=\"1087\" data-end=\"1137\">\n<p data-start=\"1089\" data-end=\"1137\">Veranstalter nationaler und st\u00e4dtischer Events<\/p>\n<\/li>\n<li data-start=\"1138\" data-end=\"1180\">\n<p data-start=\"1140\" data-end=\"1180\">Sportmannschaften, Vereine, Fangruppen<\/p>\n<\/li>\n<li data-start=\"1181\" data-end=\"1245\">\n<p data-start=\"1183\" data-end=\"1245\">Unternehmen, die praktische patriotische Werbeartikel suchen<\/p>\n<\/li>\n<\/ul>\n<p data-start=\"1247\" data-end=\"1267\"><strong data-start=\"1247\" data-end=\"1265\">Spezifikation:<\/strong><\/p>\n<ul>\n<li data-start=\"1270\" data-end=\"1292\"><strong>Material:<\/strong> 100% Acryl<\/li>\n<li data-start=\"1295\" data-end=\"1325\"><strong>Futter:<\/strong> thermoaktives Fleece<\/li>\n<li data-start=\"1328\" data-end=\"1374\"><strong>Verarbeitung:<\/strong> gestickter Schriftzug \u201ePOLSKA\u201c<\/li>\n<li data-start=\"1377\" data-end=\"1414\"><strong>Gr\u00f6\u00dfe:<\/strong> universell (Umfang 54\u201358 cm)<\/li>\n<li data-start=\"1417\" data-end=\"1480\"><strong>Bestimmung:<\/strong> Winter-, patriotische, Werbe- und Sportbekleidung<\/li>\n<\/ul>\n<\/div>\n<\/div>\n<\/div>\n<\/div>\n<\/div>\n<\/div>\n<\/article>\n","protected":false},"excerpt":{"rendered":"<p><strong>Basecap mit Stickerei POLEN<\/strong> aus 50 % Baumwolle und 50 % Polyester. Vorderseite verst\u00e4rkt, mit Stickerei <em data-start=\"159\" data-end=\"169\">\u201ePOLSKA\u201c<\/em> und gekr\u00f6ntem Adler. R\u00fcckseite aus atmungsaktivem Netz, verstellbarer Kunststoffverschluss (Snapback). 6-Panel-Konstruktion mit verst\u00e4rkten N\u00e4hten.<\/p>\n","protected":false},"featured_media":20237,"comment_status":"open","ping_status":"closed","template":"","meta":[],"product_brand":[],"product_cat":[292,291,590,592],"product_tag":[],"class_list":{"0":"post-20235","1":"product","2":"type-product","3":"status-publish","4":"has-post-thumbnail","6":"product_cat-polen-zubehor-mutzen","7":"product_cat-polen-zubehor","8":"product_cat-polnische-mutzen","9":"product_cat-polnische-wintermutzen","11":"first","12":"instock","13":"taxable","14":"shipping-taxable","15":"purchasable","16":"product-type-simple"},"_links":{"self":[{"href":"https:\/\/astari.com.pl\/de\/wp-json\/wp\/v2\/product\/20235","targetHints":{"allow":["GET"]}}],"collection":[{"href":"https:\/\/astari.com.pl\/de\/wp-json\/wp\/v2\/product"}],"about":[{"href":"https:\/\/astari.com.pl\/de\/wp-json\/wp\/v2\/types\/product"}],"replies":[{"embeddable":true,"href":"https:\/\/astari.com.pl\/de\/wp-json\/wp\/v2\/comments?post=20235"}],"version-history":[{"count":3,"href":"https:\/\/astari.com.pl\/de\/wp-json\/wp\/v2\/product\/20235\/revisions"}],"predecessor-version":[{"id":20477,"href":"https:\/\/astari.com.pl\/de\/wp-json\/wp\/v2\/product\/20235\/revisions\/20477"}],"wp:featuredmedia":[{"embeddable":true,"href":"https:\/\/astari.com.pl\/de\/wp-json\/wp\/v2\/media\/20237"}],"wp:attachment":[{"href":"https:\/\/astari.com.pl\/de\/wp-json\/wp\/v2\/media?parent=20235"}],"wp:term":[{"taxonomy":"product_brand","embeddable":true,"href":"https:\/\/astari.com.pl\/de\/wp-json\/wp\/v2\/product_brand?post=20235"},{"taxonomy":"product_cat","embeddable":true,"href":"https:\/\/astari.com.pl\/de\/wp-json\/wp\/v2\/product_cat?post=20235"},{"taxonomy":"product_tag","embeddable":true,"href":"https:\/\/astari.com.pl\/de\/wp-json\/wp\/v2\/product_tag?post=20235"}],"curies":[{"name":"wp","href":"https:\/\/api.w.org\/{rel}","templated":true}]}}