{"id":21093,"date":"2025-11-12T08:46:49","date_gmt":"2025-11-12T07:46:49","guid":{"rendered":"https:\/\/astari.com.pl\/produkt\/sportmuetze-softshell-mit-umschlag\/"},"modified":"2025-11-12T08:46:49","modified_gmt":"2025-11-12T07:46:49","slug":"sportmuetze-softshell-mit-umschlag","status":"publish","type":"product","link":"https:\/\/astari.com.pl\/de\/produkt\/sportmuetze-softshell-mit-umschlag\/","title":{"rendered":"Sportm\u00fctze Softshell mit Umschlag"},"content":{"rendered":"<h2 data-start=\"85\" data-end=\"527\"><strong data-start=\"85\" data-end=\"122\">Sportm\u00fctze Softshell mit Umschlag<\/strong><\/h2>\n<p data-start=\"85\" data-end=\"527\">Die funktionale Sportm\u00fctze im Beanie-Stil mit Umschlag ist die ideale Wahl f\u00fcr aktive Personen, die an k\u00fchlen Tagen Komfort und Schutz ben\u00f6tigen. Hergestellt aus hochwertigem Polyester (100%) mit einem Fl\u00e4chengewicht von 210 g\/m\u00b2, bietet sie hervorragende W\u00e4rmed\u00e4mmung und eine schnelle Feuchtigkeitsableitung. Ein praktisches Accessoire f\u00fcr Sportler, Outdoor-Fans und Personen, die im Freien arbeiten.<\/p>\n<h2 data-start=\"529\" data-end=\"567\"><strong data-start=\"529\" data-end=\"565\">Was zeichnet dieses Produkt aus?<\/strong><\/h2>\n<ul data-start=\"568\" data-end=\"1033\">\n<li data-start=\"568\" data-end=\"662\">\n<p data-start=\"570\" data-end=\"662\">Schnelltrocknendes Material aus 100% Polyester \u2013 atmungsaktiv, leicht und wasserabweisend.<\/p>\n<\/li>\n<li data-start=\"663\" data-end=\"746\">\n<p data-start=\"665\" data-end=\"746\">Fl\u00e4chengewicht 210 g\/m\u00b2 \u2013 perfekte Balance zwischen W\u00e4rme und geringem Gewicht.<\/p>\n<\/li>\n<li data-start=\"747\" data-end=\"837\">\n<p data-start=\"749\" data-end=\"837\">Elastische Konstruktion \u2013 passt sich der Kopfform an und sorgt f\u00fcr hohen Tragekomfort.<\/p>\n<\/li>\n<li data-start=\"838\" data-end=\"943\">\n<p data-start=\"840\" data-end=\"943\">Sportlicher Beanie-Schnitt \u2013 universeller und moderner Look, passend zu Outdoor- und Arbeitskleidung.<\/p>\n<\/li>\n<li data-start=\"944\" data-end=\"1033\">\n<p data-start=\"946\" data-end=\"1033\">Pflegeleicht \u2013 die M\u00fctze ist waschbar und beh\u00e4lt ihre Form sowie Materialeigenschaften.<\/p>\n<\/li>\n<\/ul>\n<h2 data-start=\"1035\" data-end=\"1053\"><strong data-start=\"1035\" data-end=\"1051\">Gedacht f\u00fcr:<\/strong><\/h2>\n<ul data-start=\"1054\" data-end=\"1342\">\n<li data-start=\"1054\" data-end=\"1112\">\n<p data-start=\"1056\" data-end=\"1112\">Sportler: Laufen, Radfahren, Nordic Walking, Trekking.<\/p>\n<\/li>\n<li data-start=\"1113\" data-end=\"1195\">\n<p data-start=\"1115\" data-end=\"1195\">Outdoor-Arbeitskr\u00e4fte: Monteure, Maschinisten, Au\u00dfendienst- und Outdoor-Teams.<\/p>\n<\/li>\n<li data-start=\"1196\" data-end=\"1269\">\n<p data-start=\"1198\" data-end=\"1269\">Privatnutzer \u2013 f\u00fcr den Alltag, die Stadt, Spazierg\u00e4nge oder Training.<\/p>\n<\/li>\n<li data-start=\"1270\" data-end=\"1342\">\n<p data-start=\"1272\" data-end=\"1342\">Unternehmen und Werbeagenturen, die praktische Outdoor-Gadgets suchen.<\/p>\n<\/li>\n<\/ul>\n<h2 data-start=\"1344\" data-end=\"1364\"><strong data-start=\"1344\" data-end=\"1362\">Spezifikation:<\/strong><\/h2>\n<ul data-start=\"1365\" data-end=\"1644\">\n<li data-start=\"1365\" data-end=\"1393\">\n<p data-start=\"1367\" data-end=\"1393\"><strong>Material:<\/strong> 100% Polyester<\/p>\n<\/li>\n<li data-start=\"1394\" data-end=\"1422\">\n<p data-start=\"1396\" data-end=\"1422\"><strong>Fl\u00e4chengewicht:<\/strong> 210 g\/m\u00b2<\/p>\n<\/li>\n<li data-start=\"1423\" data-end=\"1455\">\n<p data-start=\"1425\" data-end=\"1455\"><strong>Schnitt:<\/strong> Beanie mit Umschlag<\/p>\n<\/li>\n<li data-start=\"1456\" data-end=\"1516\">\n<p data-start=\"1458\" data-end=\"1516\"><strong>Eigenschaften:<\/strong> schnelltrocknend, atmungsaktiv, elastisch<\/p>\n<\/li>\n<li data-start=\"1517\" data-end=\"1570\">\n<p data-start=\"1519\" data-end=\"1570\"><strong>Farben:<\/strong> in verschiedenen Farbvarianten erh\u00e4ltlich<\/p>\n<\/li>\n<li data-start=\"1571\" data-end=\"1644\">\n<p data-start=\"1573\" data-end=\"1644\"><strong>Einsatzbereiche:<\/strong> Outdoor, Sport, Arbeiten im Freien, t\u00e4glicher Gebrauch<\/p>\n<\/li>\n<\/ul>\n","protected":false},"excerpt":{"rendered":"<p data-start=\"1694\" data-end=\"2081\">Die Sport-Softshell-M\u00fctze mit Umschlag besteht zu 100% aus Polyester mit einem Fl\u00e4chengewicht von 210 g\/m\u00b2. Leicht, elastisch und atmungsaktiv bietet sie angenehme W\u00e4rme bei Outdoor-Aktivit\u00e4ten. Der Fleece-Umschlag sch\u00fctzt die Ohren vor K\u00e4lte, und der elastische Schnitt sorgt f\u00fcr eine optimale Passform. Ideal zum Laufen, Trekking, f\u00fcr Arbeiten im Freien und f\u00fcr den t\u00e4glichen Gebrauch.<\/p>\n<p data-start=\"2083\" data-end=\"2103\"><strong data-start=\"2083\" data-end=\"2101\">Spezifikation:<\/strong><\/p>\n<ul data-start=\"2104\" data-end=\"2234\">\n<li data-start=\"2104\" data-end=\"2132\">\n<p data-start=\"2106\" data-end=\"2132\"><strong>Material:<\/strong> 100% Polyester<\/p>\n<\/li>\n<li data-start=\"2133\" data-end=\"2161\">\n<p data-start=\"2135\" data-end=\"2161\"><strong>Fl\u00e4chengewicht:<\/strong> 210 g\/m\u00b2<\/p>\n<\/li>\n<li data-start=\"2162\" data-end=\"2217\">\n<p data-start=\"2164\" data-end=\"2217\">schnelltrocknend, atmungsaktiv, mit Fleece-Umschlag<\/p>\n<\/li>\n<li data-start=\"2218\" data-end=\"2234\">\n<p data-start=\"2220\" data-end=\"2234\">Universalgr\u00f6\u00dfe<\/p>\n<\/li>\n<\/ul>\n","protected":false},"featured_media":20834,"comment_status":"open","ping_status":"closed","template":"","meta":[],"product_brand":[],"product_cat":[406,405],"product_tag":[],"class_list":{"0":"post-21093","1":"product","2":"type-product","3":"status-publish","4":"has-post-thumbnail","6":"product_cat-bekleidung","7":"product_cat-fuer-sportmannschaften","9":"first","10":"instock","11":"taxable","12":"shipping-taxable","13":"purchasable","14":"product-type-simple"},"_links":{"self":[{"href":"https:\/\/astari.com.pl\/de\/wp-json\/wp\/v2\/product\/21093","targetHints":{"allow":["GET"]}}],"collection":[{"href":"https:\/\/astari.com.pl\/de\/wp-json\/wp\/v2\/product"}],"about":[{"href":"https:\/\/astari.com.pl\/de\/wp-json\/wp\/v2\/types\/product"}],"replies":[{"embeddable":true,"href":"https:\/\/astari.com.pl\/de\/wp-json\/wp\/v2\/comments?post=21093"}],"version-history":[{"count":0,"href":"https:\/\/astari.com.pl\/de\/wp-json\/wp\/v2\/product\/21093\/revisions"}],"wp:featuredmedia":[{"embeddable":true,"href":"https:\/\/astari.com.pl\/de\/wp-json\/wp\/v2\/media\/20834"}],"wp:attachment":[{"href":"https:\/\/astari.com.pl\/de\/wp-json\/wp\/v2\/media?parent=21093"}],"wp:term":[{"taxonomy":"product_brand","embeddable":true,"href":"https:\/\/astari.com.pl\/de\/wp-json\/wp\/v2\/product_brand?post=21093"},{"taxonomy":"product_cat","embeddable":true,"href":"https:\/\/astari.com.pl\/de\/wp-json\/wp\/v2\/product_cat?post=21093"},{"taxonomy":"product_tag","embeddable":true,"href":"https:\/\/astari.com.pl\/de\/wp-json\/wp\/v2\/product_tag?post=21093"}],"curies":[{"name":"wp","href":"https:\/\/api.w.org\/{rel}","templated":true}]}}