{"id":21108,"date":"2025-11-24T11:39:08","date_gmt":"2025-11-24T10:39:08","guid":{"rendered":"https:\/\/astari.com.pl\/produkt\/patriotische-wintermuetze-pat_07\/"},"modified":"2025-11-24T11:39:08","modified_gmt":"2025-11-24T10:39:08","slug":"patriotische-wintermuetze-pat_07","status":"publish","type":"product","link":"https:\/\/astari.com.pl\/de\/produkt\/patriotische-wintermuetze-pat_07\/","title":{"rendered":"Patriotische Winterm\u00fctze PAT_07"},"content":{"rendered":"<h1 data-start=\"88\" data-end=\"371\"><strong data-start=\"88\" data-end=\"146\">Patriotische Winterm\u00fctze \u2013 Adler mit polnischer Flagge<\/strong><\/h1>\n<p data-start=\"88\" data-end=\"371\">Patriotische, sportliche Winterm\u00fctze mit einem markanten Aufdruck <em data-start=\"215\" data-end=\"244\">Adler mit polnischer Flagge<\/em>. Ein ideales Produkt f\u00fcr patriotische und milit\u00e4rische Shops, das \u00e4sthetisches Design mit hoher Strapazierf\u00e4higkeit verbindet.<\/p>\n<h2 data-start=\"373\" data-end=\"411\"><strong data-start=\"373\" data-end=\"409\">Was zeichnet dieses Produkt aus?<\/strong><\/h2>\n<ul data-start=\"412\" data-end=\"697\">\n<li data-start=\"412\" data-end=\"487\">\n<p data-start=\"414\" data-end=\"487\">Ausdrucksstarker, langlebiger Aufdruck \u2013 <em data-start=\"455\" data-end=\"484\">Adler mit polnischer Flagge<\/em>.<\/p>\n<\/li>\n<li data-start=\"488\" data-end=\"579\">\n<p data-start=\"490\" data-end=\"579\">Hochwertige Polyester-Strickware (100%), widerstandsf\u00e4hig gegen Pilling und Ausdehnung.<\/p>\n<\/li>\n<li data-start=\"580\" data-end=\"630\">\n<p data-start=\"582\" data-end=\"630\">Perfekt f\u00fcr die Warenpr\u00e4sentation im Gesch\u00e4ft.<\/p>\n<\/li>\n<li data-start=\"631\" data-end=\"697\">\n<p data-start=\"633\" data-end=\"697\">Bequeme, gut sitzende Passform f\u00fcr die Herbst- und Wintersaison.<\/p>\n<\/li>\n<\/ul>\n<h2 data-start=\"699\" data-end=\"716\"><strong data-start=\"699\" data-end=\"714\">Gedacht f\u00fcr<\/strong><\/h2>\n<ul data-start=\"717\" data-end=\"933\">\n<li data-start=\"717\" data-end=\"782\">\n<p data-start=\"719\" data-end=\"782\">patriotische, milit\u00e4rische, sportliche und Outdoor-Gesch\u00e4fte,<\/p>\n<\/li>\n<li data-start=\"783\" data-end=\"839\">\n<p data-start=\"785\" data-end=\"839\">Kunden, die auff\u00e4llige nationale Accessoires suchen,<\/p>\n<\/li>\n<li data-start=\"840\" data-end=\"933\">\n<p data-start=\"842\" data-end=\"933\">den Einzelverkauf bei Sportveranstaltungen, staatlichen Feierlichkeiten und Outdoor-Events.<\/p>\n<\/li>\n<\/ul>\n<h2 data-start=\"935\" data-end=\"954\"><strong data-start=\"935\" data-end=\"952\">Spezifikation<\/strong><\/h2>\n<ul data-start=\"955\" data-end=\"1084\">\n<li data-start=\"955\" data-end=\"983\">\n<p data-start=\"957\" data-end=\"983\"><strong>Material:<\/strong> 100% Polyester<\/p>\n<\/li>\n<li data-start=\"984\" data-end=\"1002\">\n<p data-start=\"986\" data-end=\"1002\"><strong>Farbe:<\/strong> Schwarz<\/p>\n<\/li>\n<li data-start=\"1003\" data-end=\"1048\">\n<p data-start=\"1005\" data-end=\"1048\"><strong>Aufdruck:<\/strong> langlebig, hochwertige Qualit\u00e4t<\/p>\n<\/li>\n<li data-start=\"1049\" data-end=\"1084\">\n<p data-start=\"1051\" data-end=\"1084\"><strong>Gr\u00f6\u00dfe:<\/strong> Universalgr\u00f6\u00dfe (elastisch)<\/p>\n<\/li>\n<\/ul>\n","protected":false},"excerpt":{"rendered":"<p><strong data-start=\"1086\" data-end=\"1155\">Patriotische M\u00fctze mit dem Aufdruck <em data-start=\"1124\" data-end=\"1153\">Adler mit polnischer Flagge<\/em><\/strong> \u2013 hochwertige Winterm\u00fctze mit dauerhaftem Print, ideal f\u00fcr Polen-Fans, Supporter und patriotische Shops. Hergestellt aus 100% Polyester, bietet sie Komfort, W\u00e4rme und eine perfekte Pr\u00e4sentation nationaler Symbole.<\/p>\n","protected":false},"featured_media":21057,"comment_status":"open","ping_status":"closed","template":"","meta":[],"product_brand":[],"product_cat":[292,291,590,592],"product_tag":[],"class_list":{"0":"post-21108","1":"product","2":"type-product","3":"status-publish","4":"has-post-thumbnail","6":"product_cat-polen-zubehor-mutzen","7":"product_cat-polen-zubehor","8":"product_cat-polnische-mutzen","9":"product_cat-polnische-wintermutzen","11":"first","12":"instock","13":"taxable","14":"shipping-taxable","15":"purchasable","16":"product-type-simple"},"_links":{"self":[{"href":"https:\/\/astari.com.pl\/de\/wp-json\/wp\/v2\/product\/21108","targetHints":{"allow":["GET"]}}],"collection":[{"href":"https:\/\/astari.com.pl\/de\/wp-json\/wp\/v2\/product"}],"about":[{"href":"https:\/\/astari.com.pl\/de\/wp-json\/wp\/v2\/types\/product"}],"replies":[{"embeddable":true,"href":"https:\/\/astari.com.pl\/de\/wp-json\/wp\/v2\/comments?post=21108"}],"version-history":[{"count":0,"href":"https:\/\/astari.com.pl\/de\/wp-json\/wp\/v2\/product\/21108\/revisions"}],"wp:featuredmedia":[{"embeddable":true,"href":"https:\/\/astari.com.pl\/de\/wp-json\/wp\/v2\/media\/21057"}],"wp:attachment":[{"href":"https:\/\/astari.com.pl\/de\/wp-json\/wp\/v2\/media?parent=21108"}],"wp:term":[{"taxonomy":"product_brand","embeddable":true,"href":"https:\/\/astari.com.pl\/de\/wp-json\/wp\/v2\/product_brand?post=21108"},{"taxonomy":"product_cat","embeddable":true,"href":"https:\/\/astari.com.pl\/de\/wp-json\/wp\/v2\/product_cat?post=21108"},{"taxonomy":"product_tag","embeddable":true,"href":"https:\/\/astari.com.pl\/de\/wp-json\/wp\/v2\/product_tag?post=21108"}],"curies":[{"name":"wp","href":"https:\/\/api.w.org\/{rel}","templated":true}]}}