{"id":21109,"date":"2025-11-24T11:29:57","date_gmt":"2025-11-24T10:29:57","guid":{"rendered":"https:\/\/astari.com.pl\/produkt\/patriotische-wintermuetze-pat_06\/"},"modified":"2025-11-24T11:29:57","modified_gmt":"2025-11-24T10:29:57","slug":"patriotische-wintermuetze-pat_06","status":"publish","type":"product","link":"https:\/\/astari.com.pl\/de\/produkt\/patriotische-wintermuetze-pat_06\/","title":{"rendered":"Patriotische Winterm\u00fctze PAT_06"},"content":{"rendered":"<h1 data-start=\"88\" data-end=\"379\"><strong data-start=\"88\" data-end=\"150\">Patriotische Winterm\u00fctze \u2013 Adler und Flagge im Grunge-Stil<\/strong><\/h1>\n<p data-start=\"88\" data-end=\"379\">Patriotische, sportliche Winterm\u00fctze mit einem markanten Aufdruck <em data-start=\"219\" data-end=\"252\">Adler und Flagge im Grunge-Stil<\/em>. Ein ideales Produkt f\u00fcr patriotische und milit\u00e4rische Shops, das \u00e4sthetisches Design mit hoher Strapazierf\u00e4higkeit verbindet.<\/p>\n<h2 data-start=\"381\" data-end=\"419\"><strong data-start=\"381\" data-end=\"417\">Was zeichnet dieses Produkt aus?<\/strong><\/h2>\n<ul data-start=\"420\" data-end=\"709\">\n<li data-start=\"420\" data-end=\"499\">\n<p data-start=\"422\" data-end=\"499\">Ausdrucksstarker, langlebiger Aufdruck \u2013 <em data-start=\"463\" data-end=\"496\">Adler und Flagge im Grunge-Stil<\/em>.<\/p>\n<\/li>\n<li data-start=\"500\" data-end=\"591\">\n<p data-start=\"502\" data-end=\"591\">Hochwertige Polyester-Strickware (100%), widerstandsf\u00e4hig gegen Pilling und Ausdehnung.<\/p>\n<\/li>\n<li data-start=\"592\" data-end=\"642\">\n<p data-start=\"594\" data-end=\"642\">Perfekt f\u00fcr die Warenpr\u00e4sentation im Gesch\u00e4ft.<\/p>\n<\/li>\n<li data-start=\"643\" data-end=\"709\">\n<p data-start=\"645\" data-end=\"709\">Bequeme, gut sitzende Passform f\u00fcr die Herbst- und Wintersaison.<\/p>\n<\/li>\n<\/ul>\n<h2 data-start=\"711\" data-end=\"728\"><strong data-start=\"711\" data-end=\"726\">Gedacht f\u00fcr<\/strong><\/h2>\n<ul data-start=\"729\" data-end=\"945\">\n<li data-start=\"729\" data-end=\"794\">\n<p data-start=\"731\" data-end=\"794\">patriotische, milit\u00e4rische, sportliche und Outdoor-Gesch\u00e4fte,<\/p>\n<\/li>\n<li data-start=\"795\" data-end=\"851\">\n<p data-start=\"797\" data-end=\"851\">Kunden, die auff\u00e4llige nationale Accessoires suchen,<\/p>\n<\/li>\n<li data-start=\"852\" data-end=\"945\">\n<p data-start=\"854\" data-end=\"945\">den Einzelverkauf bei Sportveranstaltungen, staatlichen Feierlichkeiten und Outdoor-Events.<\/p>\n<\/li>\n<\/ul>\n<h2 data-start=\"947\" data-end=\"966\"><strong data-start=\"947\" data-end=\"964\">Spezifikation<\/strong><\/h2>\n<ul data-start=\"967\" data-end=\"1096\">\n<li data-start=\"967\" data-end=\"995\">\n<p data-start=\"969\" data-end=\"995\"><strong>Material:<\/strong> 100% Polyester<\/p>\n<\/li>\n<li data-start=\"996\" data-end=\"1014\">\n<p data-start=\"998\" data-end=\"1014\"><strong>Farbe:<\/strong> Schwarz<\/p>\n<\/li>\n<li data-start=\"1015\" data-end=\"1060\">\n<p data-start=\"1017\" data-end=\"1060\"><strong>Aufdruck:<\/strong> langlebig, hochwertige Qualit\u00e4t<\/p>\n<\/li>\n<li data-start=\"1061\" data-end=\"1096\">\n<p data-start=\"1063\" data-end=\"1096\"><strong>Gr\u00f6\u00dfe:<\/strong> Universalgr\u00f6\u00dfe (elastisch)<\/p>\n<\/li>\n<\/ul>\n","protected":false},"excerpt":{"rendered":"<p><strong data-start=\"1098\" data-end=\"1171\">Patriotische M\u00fctze mit dem Aufdruck <em data-start=\"1136\" data-end=\"1169\">Adler und Flagge im Grunge-Stil<\/em><\/strong> \u2013 hochwertige Winterm\u00fctze mit dauerhaftem Print, ideal f\u00fcr Polen-Fans, Supporter und patriotische Shops. Hergestellt aus 100% Polyester, bietet sie Komfort, W\u00e4rme und eine perfekte Pr\u00e4sentation nationaler Symbole.<\/p>\n","protected":false},"featured_media":21051,"comment_status":"open","ping_status":"closed","template":"","meta":[],"product_brand":[],"product_cat":[292,291,590,592],"product_tag":[],"class_list":{"0":"post-21109","1":"product","2":"type-product","3":"status-publish","4":"has-post-thumbnail","6":"product_cat-polen-zubehor-mutzen","7":"product_cat-polen-zubehor","8":"product_cat-polnische-mutzen","9":"product_cat-polnische-wintermutzen","11":"first","12":"instock","13":"taxable","14":"shipping-taxable","15":"purchasable","16":"product-type-simple"},"_links":{"self":[{"href":"https:\/\/astari.com.pl\/de\/wp-json\/wp\/v2\/product\/21109","targetHints":{"allow":["GET"]}}],"collection":[{"href":"https:\/\/astari.com.pl\/de\/wp-json\/wp\/v2\/product"}],"about":[{"href":"https:\/\/astari.com.pl\/de\/wp-json\/wp\/v2\/types\/product"}],"replies":[{"embeddable":true,"href":"https:\/\/astari.com.pl\/de\/wp-json\/wp\/v2\/comments?post=21109"}],"version-history":[{"count":0,"href":"https:\/\/astari.com.pl\/de\/wp-json\/wp\/v2\/product\/21109\/revisions"}],"wp:featuredmedia":[{"embeddable":true,"href":"https:\/\/astari.com.pl\/de\/wp-json\/wp\/v2\/media\/21051"}],"wp:attachment":[{"href":"https:\/\/astari.com.pl\/de\/wp-json\/wp\/v2\/media?parent=21109"}],"wp:term":[{"taxonomy":"product_brand","embeddable":true,"href":"https:\/\/astari.com.pl\/de\/wp-json\/wp\/v2\/product_brand?post=21109"},{"taxonomy":"product_cat","embeddable":true,"href":"https:\/\/astari.com.pl\/de\/wp-json\/wp\/v2\/product_cat?post=21109"},{"taxonomy":"product_tag","embeddable":true,"href":"https:\/\/astari.com.pl\/de\/wp-json\/wp\/v2\/product_tag?post=21109"}],"curies":[{"name":"wp","href":"https:\/\/api.w.org\/{rel}","templated":true}]}}