{"id":21110,"date":"2025-11-24T11:14:55","date_gmt":"2025-11-24T10:14:55","guid":{"rendered":"https:\/\/astari.com.pl\/produkt\/patriotische-wintermuetze-pat_05\/"},"modified":"2025-11-24T11:14:55","modified_gmt":"2025-11-24T10:14:55","slug":"patriotische-wintermuetze-pat_05","status":"publish","type":"product","link":"https:\/\/astari.com.pl\/de\/produkt\/patriotische-wintermuetze-pat_05\/","title":{"rendered":"Patriotische Winterm\u00fctze PAT_05"},"content":{"rendered":"<h1><strong data-start=\"88\" data-end=\"145\">Patriotische Winterm\u00fctze \u2013 Adler mit Krone und Flagge<\/strong><\/h1>\n<p data-start=\"88\" data-end=\"369\">Patriotische, sportliche Winterm\u00fctze mit einem markanten Aufdruck <em data-start=\"214\" data-end=\"242\">Adler mit Krone und Flagge<\/em>. Ein ideales Produkt f\u00fcr patriotische und milit\u00e4rische Shops, das \u00e4sthetisches Design mit hoher Strapazierf\u00e4higkeit verbindet.<\/p>\n<h2 data-start=\"371\" data-end=\"409\"><strong data-start=\"371\" data-end=\"407\">Was zeichnet dieses Produkt aus?<\/strong><\/h2>\n<ul data-start=\"410\" data-end=\"694\">\n<li data-start=\"410\" data-end=\"484\">\n<p data-start=\"412\" data-end=\"484\">Ausdrucksstarker, langlebiger Aufdruck \u2013 <em data-start=\"453\" data-end=\"481\">Adler mit Krone und Flagge<\/em>.<\/p>\n<\/li>\n<li data-start=\"485\" data-end=\"576\">\n<p data-start=\"487\" data-end=\"576\">Hochwertige Polyester-Strickware (100%), widerstandsf\u00e4hig gegen Pilling und Ausdehnung.<\/p>\n<\/li>\n<li data-start=\"577\" data-end=\"627\">\n<p data-start=\"579\" data-end=\"627\">Perfekt f\u00fcr die Warenpr\u00e4sentation im Gesch\u00e4ft.<\/p>\n<\/li>\n<li data-start=\"628\" data-end=\"694\">\n<p data-start=\"630\" data-end=\"694\">Bequeme, gut sitzende Passform f\u00fcr die Herbst- und Wintersaison.<\/p>\n<\/li>\n<\/ul>\n<h2 data-start=\"696\" data-end=\"713\"><strong data-start=\"696\" data-end=\"711\">Gedacht f\u00fcr<\/strong><\/h2>\n<ul data-start=\"714\" data-end=\"930\">\n<li data-start=\"714\" data-end=\"779\">\n<p data-start=\"716\" data-end=\"779\">patriotische, milit\u00e4rische, sportliche und Outdoor-Gesch\u00e4fte,<\/p>\n<\/li>\n<li data-start=\"780\" data-end=\"836\">\n<p data-start=\"782\" data-end=\"836\">Kunden, die auff\u00e4llige nationale Accessoires suchen,<\/p>\n<\/li>\n<li data-start=\"837\" data-end=\"930\">\n<p data-start=\"839\" data-end=\"930\">den Einzelverkauf bei Sportveranstaltungen, staatlichen Feierlichkeiten und Outdoor-Events.<\/p>\n<\/li>\n<\/ul>\n<h2 data-start=\"932\" data-end=\"951\"><strong data-start=\"932\" data-end=\"949\">Spezifikation<\/strong><\/h2>\n<ul data-start=\"952\" data-end=\"1081\">\n<li data-start=\"952\" data-end=\"980\">\n<p data-start=\"954\" data-end=\"980\"><strong>Material:<\/strong> 100% Polyester<\/p>\n<\/li>\n<li data-start=\"981\" data-end=\"999\">\n<p data-start=\"983\" data-end=\"999\"><strong>Farbe:<\/strong> Schwarz<\/p>\n<\/li>\n<li data-start=\"1000\" data-end=\"1045\">\n<p data-start=\"1002\" data-end=\"1045\"><strong>Aufdruck:<\/strong> langlebig, hochwertige Qualit\u00e4t<\/p>\n<\/li>\n<li data-start=\"1046\" data-end=\"1081\">\n<p data-start=\"1048\" data-end=\"1081\"><strong>Gr\u00f6\u00dfe:<\/strong> Universalgr\u00f6\u00dfe (elastisch)<\/p>\n<\/li>\n<\/ul>\n","protected":false},"excerpt":{"rendered":"<p><strong data-start=\"1083\" data-end=\"1151\">Patriotische M\u00fctze mit dem Aufdruck <em data-start=\"1121\" data-end=\"1149\">Adler mit Krone und Flagge<\/em><\/strong> \u2013 hochwertige Winterm\u00fctze mit dauerhaftem Print, ideal f\u00fcr Polen-Fans, Supporter und patriotische Shops. Hergestellt aus 100% Polyester, bietet sie Komfort, W\u00e4rme und eine perfekte Pr\u00e4sentation nationaler Symbole.<\/p>\n","protected":false},"featured_media":21043,"comment_status":"open","ping_status":"closed","template":"","meta":[],"product_brand":[],"product_cat":[292,291,590,592],"product_tag":[],"class_list":{"0":"post-21110","1":"product","2":"type-product","3":"status-publish","4":"has-post-thumbnail","6":"product_cat-polen-zubehor-mutzen","7":"product_cat-polen-zubehor","8":"product_cat-polnische-mutzen","9":"product_cat-polnische-wintermutzen","11":"first","12":"instock","13":"taxable","14":"shipping-taxable","15":"purchasable","16":"product-type-simple"},"_links":{"self":[{"href":"https:\/\/astari.com.pl\/de\/wp-json\/wp\/v2\/product\/21110","targetHints":{"allow":["GET"]}}],"collection":[{"href":"https:\/\/astari.com.pl\/de\/wp-json\/wp\/v2\/product"}],"about":[{"href":"https:\/\/astari.com.pl\/de\/wp-json\/wp\/v2\/types\/product"}],"replies":[{"embeddable":true,"href":"https:\/\/astari.com.pl\/de\/wp-json\/wp\/v2\/comments?post=21110"}],"version-history":[{"count":0,"href":"https:\/\/astari.com.pl\/de\/wp-json\/wp\/v2\/product\/21110\/revisions"}],"wp:featuredmedia":[{"embeddable":true,"href":"https:\/\/astari.com.pl\/de\/wp-json\/wp\/v2\/media\/21043"}],"wp:attachment":[{"href":"https:\/\/astari.com.pl\/de\/wp-json\/wp\/v2\/media?parent=21110"}],"wp:term":[{"taxonomy":"product_brand","embeddable":true,"href":"https:\/\/astari.com.pl\/de\/wp-json\/wp\/v2\/product_brand?post=21110"},{"taxonomy":"product_cat","embeddable":true,"href":"https:\/\/astari.com.pl\/de\/wp-json\/wp\/v2\/product_cat?post=21110"},{"taxonomy":"product_tag","embeddable":true,"href":"https:\/\/astari.com.pl\/de\/wp-json\/wp\/v2\/product_tag?post=21110"}],"curies":[{"name":"wp","href":"https:\/\/api.w.org\/{rel}","templated":true}]}}