{"id":21111,"date":"2025-11-24T10:57:25","date_gmt":"2025-11-24T09:57:25","guid":{"rendered":"https:\/\/astari.com.pl\/produkt\/patriotische-wintermuetze-pat_04\/"},"modified":"2025-11-24T10:57:25","modified_gmt":"2025-11-24T09:57:25","slug":"patriotische-wintermuetze-pat_04","status":"publish","type":"product","link":"https:\/\/astari.com.pl\/de\/produkt\/patriotische-wintermuetze-pat_04\/","title":{"rendered":"Patriotische Winterm\u00fctze PAT_04"},"content":{"rendered":"<h1 data-start=\"88\" data-end=\"377\"><strong data-start=\"88\" data-end=\"134\">Patriotische Winterm\u00fctze \u2013 Adler mit Krone<\/strong><\/h1>\n<p data-start=\"88\" data-end=\"377\">Patriotische, sportliche Winterm\u00fctze mit einem markanten Aufdruck <em data-start=\"203\" data-end=\"250\">Adler mit Krone vor dem Luftwaffenschachbrett<\/em>. Ein ideales Produkt f\u00fcr patriotische und milit\u00e4rische Shops, das \u00e4sthetisches Design mit hoher Strapazierf\u00e4higkeit verbindet.<\/p>\n<h2 data-start=\"379\" data-end=\"417\"><strong data-start=\"379\" data-end=\"415\">Was zeichnet dieses Produkt aus?<\/strong><\/h2>\n<ul data-start=\"418\" data-end=\"691\">\n<li data-start=\"418\" data-end=\"481\">\n<p data-start=\"420\" data-end=\"481\">Ausdrucksstarker, langlebiger Aufdruck \u2013 <em data-start=\"461\" data-end=\"478\">Adler mit Krone<\/em>.<\/p>\n<\/li>\n<li data-start=\"482\" data-end=\"573\">\n<p data-start=\"484\" data-end=\"573\">Hochwertige Polyester-Strickware (100%), widerstandsf\u00e4hig gegen Pilling und Ausdehnung.<\/p>\n<\/li>\n<li data-start=\"574\" data-end=\"624\">\n<p data-start=\"576\" data-end=\"624\">Perfekt f\u00fcr die Warenpr\u00e4sentation im Gesch\u00e4ft.<\/p>\n<\/li>\n<li data-start=\"625\" data-end=\"691\">\n<p data-start=\"627\" data-end=\"691\">Bequeme, gut sitzende Passform f\u00fcr die Herbst- und Wintersaison.<\/p>\n<\/li>\n<\/ul>\n<h2 data-start=\"693\" data-end=\"710\"><strong data-start=\"693\" data-end=\"708\">Gedacht f\u00fcr<\/strong><\/h2>\n<ul data-start=\"711\" data-end=\"927\">\n<li data-start=\"711\" data-end=\"776\">\n<p data-start=\"713\" data-end=\"776\">patriotische, milit\u00e4rische, sportliche und Outdoor-Gesch\u00e4fte,<\/p>\n<\/li>\n<li data-start=\"777\" data-end=\"833\">\n<p data-start=\"779\" data-end=\"833\">Kunden, die auff\u00e4llige nationale Accessoires suchen,<\/p>\n<\/li>\n<li data-start=\"834\" data-end=\"927\">\n<p data-start=\"836\" data-end=\"927\">den Einzelverkauf bei Sportveranstaltungen, staatlichen Feierlichkeiten und Outdoor-Events.<\/p>\n<\/li>\n<\/ul>\n<h2 data-start=\"929\" data-end=\"948\"><strong data-start=\"929\" data-end=\"946\">Spezifikation<\/strong><\/h2>\n<ul data-start=\"949\" data-end=\"1078\">\n<li data-start=\"949\" data-end=\"977\">\n<p data-start=\"951\" data-end=\"977\"><strong>Material:<\/strong> 100% Polyester<\/p>\n<\/li>\n<li data-start=\"978\" data-end=\"996\">\n<p data-start=\"980\" data-end=\"996\"><strong>Farbe:<\/strong> Schwarz<\/p>\n<\/li>\n<li data-start=\"997\" data-end=\"1042\">\n<p data-start=\"999\" data-end=\"1042\"><strong>Aufdruck:<\/strong> langlebig, hochwertige Qualit\u00e4t<\/p>\n<\/li>\n<li data-start=\"1043\" data-end=\"1078\">\n<p data-start=\"1045\" data-end=\"1078\"><strong>Gr\u00f6\u00dfe:<\/strong> Universalgr\u00f6\u00dfe (elastisch)<\/p>\n<\/li>\n<\/ul>\n","protected":false},"excerpt":{"rendered":"<p data-start=\"1080\" data-end=\"1351\"><strong data-start=\"1080\" data-end=\"1137\">Patriotische M\u00fctze mit dem Aufdruck <em data-start=\"1118\" data-end=\"1135\">Adler mit Krone<\/em><\/strong> \u2013 hochwertige Winterm\u00fctze mit dauerhaftem Print, ideal f\u00fcr Polen-Fans, Supporter und patriotische Shops. Hergestellt aus 100% Polyester, bietet sie Komfort, W\u00e4rme und eine perfekte Pr\u00e4sentation nationaler Symbole.<\/p>\n","protected":false},"featured_media":21036,"comment_status":"open","ping_status":"closed","template":"","meta":[],"product_brand":[],"product_cat":[292,291,590,592],"product_tag":[],"class_list":{"0":"post-21111","1":"product","2":"type-product","3":"status-publish","4":"has-post-thumbnail","6":"product_cat-polen-zubehor-mutzen","7":"product_cat-polen-zubehor","8":"product_cat-polnische-mutzen","9":"product_cat-polnische-wintermutzen","11":"first","12":"instock","13":"taxable","14":"shipping-taxable","15":"purchasable","16":"product-type-simple"},"_links":{"self":[{"href":"https:\/\/astari.com.pl\/de\/wp-json\/wp\/v2\/product\/21111","targetHints":{"allow":["GET"]}}],"collection":[{"href":"https:\/\/astari.com.pl\/de\/wp-json\/wp\/v2\/product"}],"about":[{"href":"https:\/\/astari.com.pl\/de\/wp-json\/wp\/v2\/types\/product"}],"replies":[{"embeddable":true,"href":"https:\/\/astari.com.pl\/de\/wp-json\/wp\/v2\/comments?post=21111"}],"version-history":[{"count":0,"href":"https:\/\/astari.com.pl\/de\/wp-json\/wp\/v2\/product\/21111\/revisions"}],"wp:featuredmedia":[{"embeddable":true,"href":"https:\/\/astari.com.pl\/de\/wp-json\/wp\/v2\/media\/21036"}],"wp:attachment":[{"href":"https:\/\/astari.com.pl\/de\/wp-json\/wp\/v2\/media?parent=21111"}],"wp:term":[{"taxonomy":"product_brand","embeddable":true,"href":"https:\/\/astari.com.pl\/de\/wp-json\/wp\/v2\/product_brand?post=21111"},{"taxonomy":"product_cat","embeddable":true,"href":"https:\/\/astari.com.pl\/de\/wp-json\/wp\/v2\/product_cat?post=21111"},{"taxonomy":"product_tag","embeddable":true,"href":"https:\/\/astari.com.pl\/de\/wp-json\/wp\/v2\/product_tag?post=21111"}],"curies":[{"name":"wp","href":"https:\/\/api.w.org\/{rel}","templated":true}]}}