{"id":21112,"date":"2025-11-24T10:41:26","date_gmt":"2025-11-24T09:41:26","guid":{"rendered":"https:\/\/astari.com.pl\/produkt\/patriotische-wintermuetze-pat_02\/"},"modified":"2025-11-24T10:41:26","modified_gmt":"2025-11-24T09:41:26","slug":"patriotische-wintermuetze-pat_02","status":"publish","type":"product","link":"https:\/\/astari.com.pl\/de\/produkt\/patriotische-wintermuetze-pat_02\/","title":{"rendered":"Patriotische Winterm\u00fctze PAT_02"},"content":{"rendered":"<h1 data-start=\"88\" data-end=\"414\"><strong data-start=\"88\" data-end=\"159\">Patriotische Winterm\u00fctze \u201eSeit der Geburt stolz auf meine Herkunft\u201c<\/strong><\/h1>\n<p data-start=\"88\" data-end=\"414\">Patriotische, sportliche Winterm\u00fctze mit einem markanten Aufdruck und dem Slogan <em data-start=\"243\" data-end=\"287\">\u201eSeit der Geburt stolz auf meine Herkunft\u201c<\/em>. Ein ideales Produkt f\u00fcr patriotische und milit\u00e4rische Shops, das \u00e4sthetisches Design mit hoher Strapazierf\u00e4higkeit verbindet.<\/p>\n<h2 data-start=\"416\" data-end=\"454\"><strong data-start=\"416\" data-end=\"452\">Was zeichnet dieses Produkt aus?<\/strong><\/h2>\n<ul data-start=\"455\" data-end=\"768\">\n<li data-start=\"455\" data-end=\"558\">\n<p data-start=\"457\" data-end=\"558\">Ausdrucksstarker, langlebiger Aufdruck mit dem Slogan <em data-start=\"511\" data-end=\"555\">\u201eSeit der Geburt stolz auf meine Herkunft\u201c<\/em>.<\/p>\n<\/li>\n<li data-start=\"559\" data-end=\"650\">\n<p data-start=\"561\" data-end=\"650\">Hochwertige Polyester-Strickware (100%), widerstandsf\u00e4hig gegen Pilling und Ausdehnung.<\/p>\n<\/li>\n<li data-start=\"651\" data-end=\"701\">\n<p data-start=\"653\" data-end=\"701\">Perfekt f\u00fcr die Warenpr\u00e4sentation im Gesch\u00e4ft.<\/p>\n<\/li>\n<li data-start=\"702\" data-end=\"768\">\n<p data-start=\"704\" data-end=\"768\">Bequeme, gut sitzende Passform f\u00fcr die Herbst- und Wintersaison.<\/p>\n<\/li>\n<\/ul>\n<h2 data-start=\"770\" data-end=\"787\"><strong data-start=\"770\" data-end=\"785\">Gedacht f\u00fcr<\/strong><\/h2>\n<ul data-start=\"788\" data-end=\"1009\">\n<li data-start=\"788\" data-end=\"853\">\n<p data-start=\"790\" data-end=\"853\">patriotische, milit\u00e4rische, sportliche und Outdoor-Gesch\u00e4fte,<\/p>\n<\/li>\n<li data-start=\"854\" data-end=\"915\">\n<p data-start=\"856\" data-end=\"915\">Kunden, die ausdrucksstarke nationale Accessoires suchen,<\/p>\n<\/li>\n<li data-start=\"916\" data-end=\"1009\">\n<p data-start=\"918\" data-end=\"1009\">den Einzelverkauf bei Sportveranstaltungen, staatlichen Feierlichkeiten und Outdoor-Events.<\/p>\n<\/li>\n<\/ul>\n<h2 data-start=\"1011\" data-end=\"1030\"><strong data-start=\"1011\" data-end=\"1028\">Spezifikation<\/strong><\/h2>\n<ul data-start=\"1031\" data-end=\"1160\">\n<li data-start=\"1031\" data-end=\"1059\">\n<p data-start=\"1033\" data-end=\"1059\"><strong>Material:<\/strong> 100% Polyester<\/p>\n<\/li>\n<li data-start=\"1060\" data-end=\"1078\">\n<p data-start=\"1062\" data-end=\"1078\"><strong>Farbe:<\/strong> Schwarz<\/p>\n<\/li>\n<li data-start=\"1079\" data-end=\"1124\">\n<p data-start=\"1081\" data-end=\"1124\"><strong>Aufdruck:<\/strong> langlebig, hochwertige Qualit\u00e4t<\/p>\n<\/li>\n<li data-start=\"1125\" data-end=\"1160\">\n<p data-start=\"1127\" data-end=\"1160\"><strong>Gr\u00f6\u00dfe:<\/strong> Universalgr\u00f6\u00dfe (elastisch)<\/p>\n<\/li>\n<\/ul>\n","protected":false},"excerpt":{"rendered":"<p><strong data-start=\"1162\" data-end=\"1255\">Patriotische M\u00fctze mit dem Aufdruck und Slogan \u201eSeit der Geburt stolz auf meine Herkunft\u201c<\/strong> \u2013 hochwertige Winterm\u00fctze mit dauerhaftem Print, ideal f\u00fcr Polen-Fans, Supporter und patriotische Shops. Hergestellt aus 100% Polyester, bietet sie Komfort, W\u00e4rme und eine perfekte Pr\u00e4sentation nationaler Symbole.<\/p>\n","protected":false},"featured_media":21023,"comment_status":"open","ping_status":"closed","template":"","meta":[],"product_brand":[],"product_cat":[292,291,590,592],"product_tag":[],"class_list":{"0":"post-21112","1":"product","2":"type-product","3":"status-publish","4":"has-post-thumbnail","6":"product_cat-polen-zubehor-mutzen","7":"product_cat-polen-zubehor","8":"product_cat-polnische-mutzen","9":"product_cat-polnische-wintermutzen","11":"first","12":"instock","13":"taxable","14":"shipping-taxable","15":"purchasable","16":"product-type-simple"},"_links":{"self":[{"href":"https:\/\/astari.com.pl\/de\/wp-json\/wp\/v2\/product\/21112","targetHints":{"allow":["GET"]}}],"collection":[{"href":"https:\/\/astari.com.pl\/de\/wp-json\/wp\/v2\/product"}],"about":[{"href":"https:\/\/astari.com.pl\/de\/wp-json\/wp\/v2\/types\/product"}],"replies":[{"embeddable":true,"href":"https:\/\/astari.com.pl\/de\/wp-json\/wp\/v2\/comments?post=21112"}],"version-history":[{"count":0,"href":"https:\/\/astari.com.pl\/de\/wp-json\/wp\/v2\/product\/21112\/revisions"}],"wp:featuredmedia":[{"embeddable":true,"href":"https:\/\/astari.com.pl\/de\/wp-json\/wp\/v2\/media\/21023"}],"wp:attachment":[{"href":"https:\/\/astari.com.pl\/de\/wp-json\/wp\/v2\/media?parent=21112"}],"wp:term":[{"taxonomy":"product_brand","embeddable":true,"href":"https:\/\/astari.com.pl\/de\/wp-json\/wp\/v2\/product_brand?post=21112"},{"taxonomy":"product_cat","embeddable":true,"href":"https:\/\/astari.com.pl\/de\/wp-json\/wp\/v2\/product_cat?post=21112"},{"taxonomy":"product_tag","embeddable":true,"href":"https:\/\/astari.com.pl\/de\/wp-json\/wp\/v2\/product_tag?post=21112"}],"curies":[{"name":"wp","href":"https:\/\/api.w.org\/{rel}","templated":true}]}}